{"id":1610,"date":"2022-03-19T15:26:04","date_gmt":"2022-03-19T15:26:04","guid":{"rendered":"https:\/\/hotelesport.com\/directorio\/recepcion\/"},"modified":"2025-05-29T10:56:12","modified_gmt":"2025-05-29T10:56:12","slug":"recepcion","status":"publish","type":"page","link":"https:\/\/hotelesport.com\/directorio\/de\/recepcion\/","title":{"rendered":"Recepci\u00f3n"},"content":{"rendered":"\t\t<div data-elementor-type=\"wp-page\" data-elementor-id=\"1610\" class=\"elementor elementor-1610\">\n\t\t\t\t\t\t<section class=\"elementor-section elementor-top-section elementor-element elementor-element-a86efb6 elementor-section-boxed elementor-section-height-default elementor-section-height-default\" data-id=\"a86efb6\" data-element_type=\"section\" data-settings=\"{&quot;background_background&quot;:&quot;classic&quot;}\">\n\t\t\t\t\t\t<div class=\"elementor-container elementor-column-gap-no\">\n\t\t\t\t\t<div class=\"elementor-column elementor-col-33 elementor-top-column elementor-element elementor-element-cab78e5\" data-id=\"cab78e5\" data-element_type=\"column\">\n\t\t\t<div class=\"elementor-widget-wrap elementor-element-populated\">\n\t\t\t\t\t\t<div class=\"elementor-element elementor-element-d176faf elementor-view-default elementor-widget elementor-widget-icon\" data-id=\"d176faf\" data-element_type=\"widget\" data-widget_type=\"icon.default\">\n\t\t\t\t<div class=\"elementor-widget-container\">\n\t\t\t\t\t\t\t<div class=\"elementor-icon-wrapper\">\n\t\t\t<a class=\"elementor-icon\" href=\"https:\/\/hotelesport.com\/directorio\/de\/inicio\/\">\n\t\t\t<i aria-hidden=\"true\" class=\"fas fa-arrow-left\"><\/i>\t\t\t<\/a>\n\t\t<\/div>\n\t\t\t\t\t\t<\/div>\n\t\t\t\t<\/div>\n\t\t\t\t\t<\/div>\n\t\t<\/div>\n\t\t\t\t<div class=\"elementor-column elementor-col-33 elementor-top-column elementor-element elementor-element-317af62\" data-id=\"317af62\" data-element_type=\"column\">\n\t\t\t<div class=\"elementor-widget-wrap elementor-element-populated\">\n\t\t\t\t\t\t<div class=\"elementor-element elementor-element-81e46ee elementor-widget elementor-widget-spacer\" data-id=\"81e46ee\" data-element_type=\"widget\" data-widget_type=\"spacer.default\">\n\t\t\t\t<div class=\"elementor-widget-container\">\n\t\t\t\t\t\t\t<div class=\"elementor-spacer\">\n\t\t\t<div class=\"elementor-spacer-inner\"><\/div>\n\t\t<\/div>\n\t\t\t\t\t\t<\/div>\n\t\t\t\t<\/div>\n\t\t\t\t<div class=\"elementor-element elementor-element-7463a98 elementor-widget elementor-widget-heading\" data-id=\"7463a98\" data-element_type=\"widget\" data-widget_type=\"heading.default\">\n\t\t\t\t<div class=\"elementor-widget-container\">\n\t\t\t\t\t<h1 class=\"elementor-heading-title elementor-size-default\">REZEPTION<\/h1>\t\t\t\t<\/div>\n\t\t\t\t<\/div>\n\t\t\t\t<div class=\"elementor-element elementor-element-70f20b0 elementor-widget elementor-widget-spacer\" data-id=\"70f20b0\" data-element_type=\"widget\" data-widget_type=\"spacer.default\">\n\t\t\t\t<div class=\"elementor-widget-container\">\n\t\t\t\t\t\t\t<div class=\"elementor-spacer\">\n\t\t\t<div class=\"elementor-spacer-inner\"><\/div>\n\t\t<\/div>\n\t\t\t\t\t\t<\/div>\n\t\t\t\t<\/div>\n\t\t\t\t\t<\/div>\n\t\t<\/div>\n\t\t\t\t<div class=\"elementor-column elementor-col-33 elementor-top-column elementor-element elementor-element-a0400f2\" data-id=\"a0400f2\" data-element_type=\"column\">\n\t\t\t<div class=\"elementor-widget-wrap\">\n\t\t\t\t\t\t\t<\/div>\n\t\t<\/div>\n\t\t\t\t\t<\/div>\n\t\t<\/section>\n\t\t\t\t<section class=\"elementor-section elementor-top-section elementor-element elementor-element-475e9f9 elementor-section-boxed elementor-section-height-default elementor-section-height-default\" data-id=\"475e9f9\" data-element_type=\"section\" data-settings=\"{&quot;background_background&quot;:&quot;classic&quot;}\">\n\t\t\t\t\t\t<div class=\"elementor-container elementor-column-gap-no\">\n\t\t\t\t\t<div class=\"elementor-column elementor-col-100 elementor-top-column elementor-element elementor-element-5d916ab\" data-id=\"5d916ab\" data-element_type=\"column\">\n\t\t\t<div class=\"elementor-widget-wrap elementor-element-populated\">\n\t\t\t\t\t\t<div class=\"elementor-element elementor-element-136a041 elementor-widget elementor-widget-image\" data-id=\"136a041\" data-element_type=\"widget\" data-widget_type=\"image.default\">\n\t\t\t\t<div class=\"elementor-widget-container\">\n\t\t\t\t\t\t\t\t\t\t\t\t\t\t\t<img fetchpriority=\"high\" decoding=\"async\" width=\"1150\" height=\"564\" src=\"https:\/\/hotelesport.com\/directorio\/wp-content\/uploads\/2022\/05\/mapahotel.jpg\" class=\"attachment-full size-full wp-image-1179\" alt=\"\" srcset=\"https:\/\/hotelesport.com\/directorio\/wp-content\/uploads\/2022\/05\/mapahotel.jpg 1150w, https:\/\/hotelesport.com\/directorio\/wp-content\/uploads\/2022\/05\/mapahotel-300x147.jpg 300w, https:\/\/hotelesport.com\/directorio\/wp-content\/uploads\/2022\/05\/mapahotel-1024x502.jpg 1024w, https:\/\/hotelesport.com\/directorio\/wp-content\/uploads\/2022\/05\/mapahotel-768x377.jpg 768w\" sizes=\"(max-width: 1150px) 100vw, 1150px\" \/>\t\t\t\t\t\t\t\t\t\t\t\t\t\t\t<\/div>\n\t\t\t\t<\/div>\n\t\t\t\t\t<\/div>\n\t\t<\/div>\n\t\t\t\t\t<\/div>\n\t\t<\/section>\n\t\t\t\t<section class=\"elementor-section elementor-top-section elementor-element elementor-element-e9510c3 elementor-section-boxed elementor-section-height-default elementor-section-height-default\" data-id=\"e9510c3\" data-element_type=\"section\" data-settings=\"{&quot;background_background&quot;:&quot;classic&quot;}\">\n\t\t\t\t\t\t<div class=\"elementor-container elementor-column-gap-no\">\n\t\t\t\t\t<div class=\"elementor-column elementor-col-100 elementor-top-column elementor-element elementor-element-175848a\" data-id=\"175848a\" data-element_type=\"column\">\n\t\t\t<div class=\"elementor-widget-wrap elementor-element-populated\">\n\t\t\t\t\t\t<div class=\"elementor-element elementor-element-160dc64 elementor-widget elementor-widget-text-editor\" data-id=\"160dc64\" data-element_type=\"widget\" data-widget_type=\"text-editor.default\">\n\t\t\t\t<div class=\"elementor-widget-container\">\n\t\t\t\t\t\t\t\t\t<p>Die Hotelleitung und das gesamte Personal hei\u00dfen Sie im <strong>Hotel Es Port<\/strong> herzlich willkommen. Wir stehen Ihnen jederzeit zur Verf\u00fcgung, um Ihnen den Aufenthalt so angenehm wie m\u00f6glich zu gestalten.<\/p><p>Bei Ihrer Ankunft erhalten Sie zusammen mit dem Schl\u00fcssel eine Faltkarte mit der Zimmernummer und den wichtigsten Informationen \u00fcber das Hotel. Sie m\u00fcssen diese Karte beim Abendessen immer vorzeigen. Wenn Sie in der Bar oder im Spa Ihr Hotelkonto belasten wollen, m\u00fcssen Sie diese ebenfalls vorzeigen.<\/p>\t\t\t\t\t\t\t\t<\/div>\n\t\t\t\t<\/div>\n\t\t\t\t<section class=\"elementor-section elementor-inner-section elementor-element elementor-element-60a694f elementor-section-boxed elementor-section-height-default elementor-section-height-default\" data-id=\"60a694f\" data-element_type=\"section\" data-settings=\"{&quot;background_background&quot;:&quot;classic&quot;}\">\n\t\t\t\t\t\t<div class=\"elementor-container elementor-column-gap-default\">\n\t\t\t\t\t<div class=\"elementor-column elementor-col-100 elementor-inner-column elementor-element elementor-element-e9f73c0\" data-id=\"e9f73c0\" data-element_type=\"column\">\n\t\t\t<div class=\"elementor-widget-wrap elementor-element-populated\">\n\t\t\t\t\t\t<div class=\"elementor-element elementor-element-10eacd0 elementor-icon-list--layout-traditional elementor-list-item-link-full_width elementor-widget elementor-widget-icon-list\" data-id=\"10eacd0\" data-element_type=\"widget\" data-widget_type=\"icon-list.default\">\n\t\t\t\t<div class=\"elementor-widget-container\">\n\t\t\t\t\t\t\t<ul class=\"elementor-icon-list-items\">\n\t\t\t\t\t\t\t<li class=\"elementor-icon-list-item\">\n\t\t\t\t\t\t\t\t\t\t\t<span class=\"elementor-icon-list-icon\">\n\t\t\t\t\t\t\t<i aria-hidden=\"true\" class=\"far fa-clock\"><\/i>\t\t\t\t\t\t<\/span>\n\t\t\t\t\t\t\t\t\t\t<span class=\"elementor-icon-list-text\">24h<\/span>\n\t\t\t\t\t\t\t\t\t<\/li>\n\t\t\t\t\t\t\t\t<li class=\"elementor-icon-list-item\">\n\t\t\t\t\t\t\t\t\t\t\t<span class=\"elementor-icon-list-icon\">\n\t\t\t\t\t\t\t<i aria-hidden=\"true\" class=\"fas fa-concierge-bell\"><\/i>\t\t\t\t\t\t<\/span>\n\t\t\t\t\t\t\t\t\t\t<span class=\"elementor-icon-list-text\">Check in: 14.00h <\/span>\n\t\t\t\t\t\t\t\t\t<\/li>\n\t\t\t\t\t\t\t\t<li class=\"elementor-icon-list-item\">\n\t\t\t\t\t\t\t\t\t\t\t<span class=\"elementor-icon-list-icon\">\n\t\t\t\t\t\t\t<i aria-hidden=\"true\" class=\"fas fa-concierge-bell\"><\/i>\t\t\t\t\t\t<\/span>\n\t\t\t\t\t\t\t\t\t\t<span class=\"elementor-icon-list-text\">Check out: 11.00h<\/span>\n\t\t\t\t\t\t\t\t\t<\/li>\n\t\t\t\t\t\t\t\t<li class=\"elementor-icon-list-item\">\n\t\t\t\t\t\t\t\t\t\t\t<span class=\"elementor-icon-list-icon\">\n\t\t\t\t\t\t\t<i aria-hidden=\"true\" class=\"fas fa-phone-alt\"><\/i>\t\t\t\t\t\t<\/span>\n\t\t\t\t\t\t\t\t\t\t<span class=\"elementor-icon-list-text\">Tel. die 9 w\u00e4hlen f\u00fcr die Rezeption<\/span>\n\t\t\t\t\t\t\t\t\t<\/li>\n\t\t\t\t\t\t\t\t<li class=\"elementor-icon-list-item\">\n\t\t\t\t\t\t\t\t\t\t\t<span class=\"elementor-icon-list-icon\">\n\t\t\t\t\t\t\t<i aria-hidden=\"true\" class=\"fas fa-wifi\"><\/i>\t\t\t\t\t\t<\/span>\n\t\t\t\t\t\t\t\t\t\t<span class=\"elementor-icon-list-text\">Kostenfreies WiFi im ganzen Hotel<\/span>\n\t\t\t\t\t\t\t\t\t<\/li>\n\t\t\t\t\t\t<\/ul>\n\t\t\t\t\t\t<\/div>\n\t\t\t\t<\/div>\n\t\t\t\t\t<\/div>\n\t\t<\/div>\n\t\t\t\t\t<\/div>\n\t\t<\/section>\n\t\t\t\t<div class=\"elementor-element elementor-element-62feff6 elementor-widget elementor-widget-text-editor\" data-id=\"62feff6\" data-element_type=\"widget\" data-widget_type=\"text-editor.default\">\n\t\t\t\t<div class=\"elementor-widget-container\">\n\t\t\t\t\t\t\t\t\t<ul><li><p><strong>VORF\u00c4LLE oder ST\u00d6RUNGEN<\/strong>: Bitte informieren Sie die Rezeption \u00fcber jeglichen Vorfall, damit wir diesen so schnell wie m\u00f6glich beheben k\u00f6nnen.<\/p><\/li><li><p><strong>WECKDIENST UND FR\u00dcHES FR\u00dcHST\u00dcCK AM ABREISETAG<\/strong>: Sollten Sie vor \u00d6ffnung des Restaurants abreisen wollen, informieren Sie die Rezeption bitte am Vortag \u00fcber diesen Umstand, damit wir Ihnen ein kaltes Fr\u00fchst\u00fcck zubereiten k\u00f6nnen. Wir stellen unseren G\u00e4sten auf Wunsch einen Weckdienst zur Verf\u00fcgung.<\/p><\/li><li><p><strong>Bitte bezahlen Sie die Rechnung inklusive Kurtaxe<\/strong> am Tag vor Ihrer Abreise bis 21.30 Uhr oder am selben Tag der Abreise ab 8.00 Uhr.<\/p><\/li><li><p><strong>Kostenfreies PARKEN<\/strong>: Um auf den Parkplatz zu gelangen, fahren Sie mit Ihrem Auto an die Schranke, die sich dann automatisch \u00f6ffnet. Um den Parkplatz wieder zu verlassen, verwenden Sie einfach Ihre Zimmerkarte.<\/p><\/li><li><p><strong>WANDERN<\/strong>: Das Hotel bietet den G\u00e4sten gef\u00fchrte Wanderungen durch das Tramuntana-Gebirge, die mithilfe spezialisierter \u00f6rtlicher F\u00fchrer w\u00e4hrend der meisten Zeit des Jahres organisiert werden. Dies erm\u00f6glicht es unseren G\u00e4sten die uns umgebende Natur in vollen Z\u00fcgen zu genie\u00dfen und dabei unwirtliche Orte zu entdecken. Die zu \u00e4u\u00dferst g\u00fcnstigen Preisen angebotenen Ausfl\u00fcge k\u00f6nnen an der Rezeption gebucht werden.<\/p><\/li><li><p><strong>SONSTIGE DIENSTLEISTUNGEN<\/strong>: allgemeine Informationen, Auto-Verleih, Verleih von Elektrofahrr\u00e4dern, Reservierung von Tennispl\u00e4tzen ( \u20ac )&#8230;.<\/p><\/li><li><p><strong>TISCHTENNIS<\/strong>. Schl\u00e4ger und B\u00e4lle werden an der Rezeption zur Verf\u00fcgung gestellt. Gehen Sie bitte sorgf\u00e4ltig damit um.<\/p><\/li><li><p><strong>Kostenfreies WiFi im ganzen Hotel<\/strong><\/p><\/li><li><p><strong>Internet-Raum<\/strong>. Das Hotel verf\u00fcgt \u00fcber einen Raum mit einem Computer mit Internetzugang und einem Drucker. G\u00e4ste, die ihre Bordkarten ausdrucken m\u00f6chten, k\u00f6nnen dies kostenlos tun.<\/p><\/li><li><p><strong>TAXI\/TRANSFERDIENST<\/strong>. Buchen Sie Taxis 24 Stunden im Voraus. Buchung eines privaten Transferdienstes 48 Stunden im Voraus.<\/p><\/li><li><p><strong>LIVE-MUSIK<\/strong>. In der Bar Tafona dienstags und freitags um 20.30 Uhr (vorbehaltlich m\u00f6glicher \u00c4nderungen).<\/p><\/li><li><p><strong>GEP\u00c4CKRAUM\/DUSCHE AM ABREISETAG<\/strong>. F\u00fcr G\u00e4ste, die am Nachmittag abreisen m\u00fcssen, gibt es an der Rezeption einen Gep\u00e4ckaufbewahrungsraum und f\u00fcr G\u00e4ste, die es w\u00fcnschen, besteht die M\u00f6glichkeit die Umkleider\u00e4ume des Spa-Bereichs zu nutzen, um sich zu waschen und sich zurechtzumachen.<\/p><\/li><\/ul>\t\t\t\t\t\t\t\t<\/div>\n\t\t\t\t<\/div>\n\t\t\t\t<div class=\"elementor-element elementor-element-17504e8 elementor-widget elementor-widget-spacer\" data-id=\"17504e8\" data-element_type=\"widget\" data-widget_type=\"spacer.default\">\n\t\t\t\t<div class=\"elementor-widget-container\">\n\t\t\t\t\t\t\t<div class=\"elementor-spacer\">\n\t\t\t<div class=\"elementor-spacer-inner\"><\/div>\n\t\t<\/div>\n\t\t\t\t\t\t<\/div>\n\t\t\t\t<\/div>\n\t\t\t\t\t<\/div>\n\t\t<\/div>\n\t\t\t\t\t<\/div>\n\t\t<\/section>\n\t\t\t\t<section class=\"elementor-section elementor-top-section elementor-element elementor-element-72024c2 elementor-section-boxed elementor-section-height-default elementor-section-height-default\" data-id=\"72024c2\" data-element_type=\"section\" data-settings=\"{&quot;background_background&quot;:&quot;classic&quot;}\">\n\t\t\t\t\t\t<div class=\"elementor-container elementor-column-gap-no\">\n\t\t\t\t\t<div class=\"elementor-column elementor-col-100 elementor-top-column elementor-element elementor-element-88ba013\" data-id=\"88ba013\" data-element_type=\"column\">\n\t\t\t<div class=\"elementor-widget-wrap elementor-element-populated\">\n\t\t\t\t\t\t<div class=\"elementor-element elementor-element-ca1d2f3 elementor-align-center elementor-widget__width-auto elementor-widget elementor-widget-button\" data-id=\"ca1d2f3\" data-element_type=\"widget\" data-widget_type=\"button.default\">\n\t\t\t\t<div class=\"elementor-widget-container\">\n\t\t\t\t\t\t\t\t\t<div class=\"elementor-button-wrapper\">\n\t\t\t\t\t<a class=\"elementor-button elementor-button-link elementor-size-sm\" href=\"https:\/\/hotelesport.com\/directorio\/wp-content\/uploads\/2022\/05\/HEP-Mapa-1.pdf\" target=\"_blank\">\n\t\t\t\t\t\t<span class=\"elementor-button-content-wrapper\">\n\t\t\t\t\t\t<span class=\"elementor-button-icon\">\n\t\t\t\t<i aria-hidden=\"true\" class=\"far fa-map\"><\/i>\t\t\t<\/span>\n\t\t\t\t\t\t\t\t\t<span class=\"elementor-button-text\">HOTEL-PLAN<\/span>\n\t\t\t\t\t<\/span>\n\t\t\t\t\t<\/a>\n\t\t\t\t<\/div>\n\t\t\t\t\t\t\t\t<\/div>\n\t\t\t\t<\/div>\n\t\t\t\t<div class=\"elementor-element elementor-element-a381662 elementor-align-center elementor-widget__width-auto elementor-widget elementor-widget-button\" data-id=\"a381662\" data-element_type=\"widget\" data-widget_type=\"button.default\">\n\t\t\t\t<div class=\"elementor-widget-container\">\n\t\t\t\t\t\t\t\t\t<div class=\"elementor-button-wrapper\">\n\t\t\t\t\t<a class=\"elementor-button elementor-button-link elementor-size-sm\" href=\"tel:+34%20971%20631%20650\" target=\"_blank\">\n\t\t\t\t\t\t<span class=\"elementor-button-content-wrapper\">\n\t\t\t\t\t\t<span class=\"elementor-button-icon\">\n\t\t\t\t<i aria-hidden=\"true\" class=\"fas fa-phone-alt\"><\/i>\t\t\t<\/span>\n\t\t\t\t\t\t\t\t\t<span class=\"elementor-button-text\">REZEPTION<\/span>\n\t\t\t\t\t<\/span>\n\t\t\t\t\t<\/a>\n\t\t\t\t<\/div>\n\t\t\t\t\t\t\t\t<\/div>\n\t\t\t\t<\/div>\n\t\t\t\t\t<\/div>\n\t\t<\/div>\n\t\t\t\t\t<\/div>\n\t\t<\/section>\n\t\t\t\t<section class=\"elementor-section elementor-top-section elementor-element elementor-element-00ebd8c elementor-section-boxed elementor-section-height-default elementor-section-height-default\" data-id=\"00ebd8c\" data-element_type=\"section\">\n\t\t\t\t\t\t<div class=\"elementor-container elementor-column-gap-default\">\n\t\t\t\t\t<div class=\"elementor-column elementor-col-100 elementor-top-column elementor-element elementor-element-8e56767\" data-id=\"8e56767\" data-element_type=\"column\">\n\t\t\t<div class=\"elementor-widget-wrap elementor-element-populated\">\n\t\t\t\t\t\t<div class=\"elementor-element elementor-element-ed25c41 elementor-widget elementor-widget-spacer\" data-id=\"ed25c41\" data-element_type=\"widget\" data-widget_type=\"spacer.default\">\n\t\t\t\t<div class=\"elementor-widget-container\">\n\t\t\t\t\t\t\t<div class=\"elementor-spacer\">\n\t\t\t<div class=\"elementor-spacer-inner\"><\/div>\n\t\t<\/div>\n\t\t\t\t\t\t<\/div>\n\t\t\t\t<\/div>\n\t\t\t\t\t<\/div>\n\t\t<\/div>\n\t\t\t\t\t<\/div>\n\t\t<\/section>\n\t\t\t\t<\/div>\n\t\t","protected":false},"excerpt":{"rendered":"<p>REZEPTION Die Hotelleitung und das gesamte Personal hei\u00dfen Sie im Hotel Es Port herzlich willkommen. Wir stehen Ihnen jederzeit zur Verf\u00fcgung, um Ihnen den Aufenthalt so angenehm wie m\u00f6glich zu gestalten. Bei Ihrer Ankunft erhalten Sie zusammen mit dem Schl\u00fcssel eine Faltkarte mit der Zimmernummer und den wichtigsten Informationen \u00fcber das Hotel. Sie m\u00fcssen diese [&hellip;]<\/p>\n","protected":false},"author":1,"featured_media":0,"parent":0,"menu_order":0,"comment_status":"closed","ping_status":"closed","template":"page-limpia.php","meta":{"inline_featured_image":false,"footnotes":""},"class_list":["post-1610","page","type-page","status-publish","hentry"],"yoast_head":"<!-- This site is optimized with the Yoast SEO plugin v25.4 - https:\/\/yoast.com\/wordpress\/plugins\/seo\/ -->\n<title>Recepci\u00f3n - Hotel Es Port<\/title>\n<meta name=\"robots\" content=\"noindex, follow, max-snippet:-1, max-image-preview:large, max-video-preview:-1\" \/>\n<meta property=\"og:locale\" content=\"de_DE\" \/>\n<meta property=\"og:type\" content=\"article\" \/>\n<meta property=\"og:title\" content=\"Recepci\u00f3n - Hotel Es Port\" \/>\n<meta property=\"og:description\" content=\"REZEPTION Die Hotelleitung und das gesamte Personal hei\u00dfen Sie im Hotel Es Port herzlich willkommen. Wir stehen Ihnen jederzeit zur Verf\u00fcgung, um Ihnen den Aufenthalt so angenehm wie m\u00f6glich zu gestalten. Bei Ihrer Ankunft erhalten Sie zusammen mit dem Schl\u00fcssel eine Faltkarte mit der Zimmernummer und den wichtigsten Informationen \u00fcber das Hotel. Sie m\u00fcssen diese [&hellip;]\" \/>\n<meta property=\"og:url\" content=\"https:\/\/hotelesport.com\/directorio\/de\/recepcion\/\" \/>\n<meta property=\"og:site_name\" content=\"Hotel Es Port\" \/>\n<meta property=\"article:modified_time\" content=\"2025-05-29T10:56:12+00:00\" \/>\n<meta property=\"og:image\" content=\"https:\/\/hotelesport.com\/directorio\/wp-content\/uploads\/2022\/05\/mapahotel.jpg\" \/>\n<meta name=\"twitter:card\" content=\"summary_large_image\" \/>\n<meta name=\"twitter:label1\" content=\"Gesch\u00e4tzte Lesezeit\" \/>\n\t<meta name=\"twitter:data1\" content=\"3\u00a0Minuten\" \/>\n<script type=\"application\/ld+json\" class=\"yoast-schema-graph\">{\"@context\":\"https:\/\/schema.org\",\"@graph\":[{\"@type\":\"WebPage\",\"@id\":\"https:\/\/hotelesport.com\/directorio\/de\/recepcion\/\",\"url\":\"https:\/\/hotelesport.com\/directorio\/de\/recepcion\/\",\"name\":\"Recepci\u00f3n - Hotel Es Port\",\"isPartOf\":{\"@id\":\"https:\/\/hotelesport.com\/directorio\/#website\"},\"primaryImageOfPage\":{\"@id\":\"https:\/\/hotelesport.com\/directorio\/de\/recepcion\/#primaryimage\"},\"image\":{\"@id\":\"https:\/\/hotelesport.com\/directorio\/de\/recepcion\/#primaryimage\"},\"thumbnailUrl\":\"https:\/\/hotelesport.com\/directorio\/wp-content\/uploads\/2022\/05\/mapahotel.jpg\",\"datePublished\":\"2022-03-19T15:26:04+00:00\",\"dateModified\":\"2025-05-29T10:56:12+00:00\",\"breadcrumb\":{\"@id\":\"https:\/\/hotelesport.com\/directorio\/de\/recepcion\/#breadcrumb\"},\"inLanguage\":\"de\",\"potentialAction\":[{\"@type\":\"ReadAction\",\"target\":[\"https:\/\/hotelesport.com\/directorio\/de\/recepcion\/\"]}]},{\"@type\":\"ImageObject\",\"inLanguage\":\"de\",\"@id\":\"https:\/\/hotelesport.com\/directorio\/de\/recepcion\/#primaryimage\",\"url\":\"https:\/\/hotelesport.com\/directorio\/wp-content\/uploads\/2022\/05\/mapahotel.jpg\",\"contentUrl\":\"https:\/\/hotelesport.com\/directorio\/wp-content\/uploads\/2022\/05\/mapahotel.jpg\"},{\"@type\":\"BreadcrumbList\",\"@id\":\"https:\/\/hotelesport.com\/directorio\/de\/recepcion\/#breadcrumb\",\"itemListElement\":[{\"@type\":\"ListItem\",\"position\":1,\"name\":\"Portada\",\"item\":\"https:\/\/hotelesport.com\/directorio\/\"},{\"@type\":\"ListItem\",\"position\":2,\"name\":\"Recepci\u00f3n\"}]},{\"@type\":\"WebSite\",\"@id\":\"https:\/\/hotelesport.com\/directorio\/#website\",\"url\":\"https:\/\/hotelesport.com\/directorio\/\",\"name\":\"Hotel Es Port\",\"description\":\"Directorio\",\"potentialAction\":[{\"@type\":\"SearchAction\",\"target\":{\"@type\":\"EntryPoint\",\"urlTemplate\":\"https:\/\/hotelesport.com\/directorio\/?s={search_term_string}\"},\"query-input\":{\"@type\":\"PropertyValueSpecification\",\"valueRequired\":true,\"valueName\":\"search_term_string\"}}],\"inLanguage\":\"de\"}]}<\/script>\n<!-- \/ Yoast SEO plugin. -->","yoast_head_json":{"title":"Recepci\u00f3n - Hotel Es Port","robots":{"index":"noindex","follow":"follow","max-snippet":"max-snippet:-1","max-image-preview":"max-image-preview:large","max-video-preview":"max-video-preview:-1"},"og_locale":"de_DE","og_type":"article","og_title":"Recepci\u00f3n - Hotel Es Port","og_description":"REZEPTION Die Hotelleitung und das gesamte Personal hei\u00dfen Sie im Hotel Es Port herzlich willkommen. Wir stehen Ihnen jederzeit zur Verf\u00fcgung, um Ihnen den Aufenthalt so angenehm wie m\u00f6glich zu gestalten. Bei Ihrer Ankunft erhalten Sie zusammen mit dem Schl\u00fcssel eine Faltkarte mit der Zimmernummer und den wichtigsten Informationen \u00fcber das Hotel. Sie m\u00fcssen diese [&hellip;]","og_url":"https:\/\/hotelesport.com\/directorio\/de\/recepcion\/","og_site_name":"Hotel Es Port","article_modified_time":"2025-05-29T10:56:12+00:00","og_image":[{"url":"https:\/\/hotelesport.com\/directorio\/wp-content\/uploads\/2022\/05\/mapahotel.jpg","type":"","width":"","height":""}],"twitter_card":"summary_large_image","twitter_misc":{"Gesch\u00e4tzte Lesezeit":"3\u00a0Minuten"},"schema":{"@context":"https:\/\/schema.org","@graph":[{"@type":"WebPage","@id":"https:\/\/hotelesport.com\/directorio\/de\/recepcion\/","url":"https:\/\/hotelesport.com\/directorio\/de\/recepcion\/","name":"Recepci\u00f3n - Hotel Es Port","isPartOf":{"@id":"https:\/\/hotelesport.com\/directorio\/#website"},"primaryImageOfPage":{"@id":"https:\/\/hotelesport.com\/directorio\/de\/recepcion\/#primaryimage"},"image":{"@id":"https:\/\/hotelesport.com\/directorio\/de\/recepcion\/#primaryimage"},"thumbnailUrl":"https:\/\/hotelesport.com\/directorio\/wp-content\/uploads\/2022\/05\/mapahotel.jpg","datePublished":"2022-03-19T15:26:04+00:00","dateModified":"2025-05-29T10:56:12+00:00","breadcrumb":{"@id":"https:\/\/hotelesport.com\/directorio\/de\/recepcion\/#breadcrumb"},"inLanguage":"de","potentialAction":[{"@type":"ReadAction","target":["https:\/\/hotelesport.com\/directorio\/de\/recepcion\/"]}]},{"@type":"ImageObject","inLanguage":"de","@id":"https:\/\/hotelesport.com\/directorio\/de\/recepcion\/#primaryimage","url":"https:\/\/hotelesport.com\/directorio\/wp-content\/uploads\/2022\/05\/mapahotel.jpg","contentUrl":"https:\/\/hotelesport.com\/directorio\/wp-content\/uploads\/2022\/05\/mapahotel.jpg"},{"@type":"BreadcrumbList","@id":"https:\/\/hotelesport.com\/directorio\/de\/recepcion\/#breadcrumb","itemListElement":[{"@type":"ListItem","position":1,"name":"Portada","item":"https:\/\/hotelesport.com\/directorio\/"},{"@type":"ListItem","position":2,"name":"Recepci\u00f3n"}]},{"@type":"WebSite","@id":"https:\/\/hotelesport.com\/directorio\/#website","url":"https:\/\/hotelesport.com\/directorio\/","name":"Hotel Es Port","description":"Directorio","potentialAction":[{"@type":"SearchAction","target":{"@type":"EntryPoint","urlTemplate":"https:\/\/hotelesport.com\/directorio\/?s={search_term_string}"},"query-input":{"@type":"PropertyValueSpecification","valueRequired":true,"valueName":"search_term_string"}}],"inLanguage":"de"}]}},"_links":{"self":[{"href":"https:\/\/hotelesport.com\/directorio\/de\/wp-json\/wp\/v2\/pages\/1610","targetHints":{"allow":["GET"]}}],"collection":[{"href":"https:\/\/hotelesport.com\/directorio\/de\/wp-json\/wp\/v2\/pages"}],"about":[{"href":"https:\/\/hotelesport.com\/directorio\/de\/wp-json\/wp\/v2\/types\/page"}],"author":[{"embeddable":true,"href":"https:\/\/hotelesport.com\/directorio\/de\/wp-json\/wp\/v2\/users\/1"}],"replies":[{"embeddable":true,"href":"https:\/\/hotelesport.com\/directorio\/de\/wp-json\/wp\/v2\/comments?post=1610"}],"version-history":[{"count":12,"href":"https:\/\/hotelesport.com\/directorio\/de\/wp-json\/wp\/v2\/pages\/1610\/revisions"}],"predecessor-version":[{"id":2676,"href":"https:\/\/hotelesport.com\/directorio\/de\/wp-json\/wp\/v2\/pages\/1610\/revisions\/2676"}],"wp:attachment":[{"href":"https:\/\/hotelesport.com\/directorio\/de\/wp-json\/wp\/v2\/media?parent=1610"}],"curies":[{"name":"wp","href":"https:\/\/api.w.org\/{rel}","templated":true}]}}