{"id":1637,"date":"2022-03-18T13:22:05","date_gmt":"2022-03-18T13:22:05","guid":{"rendered":"https:\/\/hotelesport.com\/directorio\/restaurante-sa-figuera\/"},"modified":"2025-02-11T11:50:52","modified_gmt":"2025-02-11T11:50:52","slug":"restaurante-sa-figuera","status":"publish","type":"page","link":"https:\/\/hotelesport.com\/directorio\/de\/restaurante-sa-figuera\/","title":{"rendered":"Restaurante Sa Figuera"},"content":{"rendered":"\t\t<div data-elementor-type=\"wp-page\" data-elementor-id=\"1637\" class=\"elementor elementor-1637\">\n\t\t\t\t\t\t<section class=\"elementor-section elementor-top-section elementor-element elementor-element-a86efb6 elementor-section-boxed elementor-section-height-default elementor-section-height-default\" data-id=\"a86efb6\" data-element_type=\"section\" data-settings=\"{&quot;background_background&quot;:&quot;classic&quot;}\">\n\t\t\t\t\t\t<div class=\"elementor-container elementor-column-gap-no\">\n\t\t\t\t\t<div class=\"elementor-column elementor-col-33 elementor-top-column elementor-element elementor-element-cab78e5\" data-id=\"cab78e5\" data-element_type=\"column\">\n\t\t\t<div class=\"elementor-widget-wrap elementor-element-populated\">\n\t\t\t\t\t\t<div class=\"elementor-element elementor-element-d176faf elementor-view-default elementor-widget elementor-widget-icon\" data-id=\"d176faf\" data-element_type=\"widget\" data-widget_type=\"icon.default\">\n\t\t\t\t<div class=\"elementor-widget-container\">\n\t\t\t\t\t\t\t<div class=\"elementor-icon-wrapper\">\n\t\t\t<a class=\"elementor-icon\" href=\"https:\/\/hotelesport.com\/directorio\/de\/inicio\/\">\n\t\t\t<i aria-hidden=\"true\" class=\"fas fa-arrow-left\"><\/i>\t\t\t<\/a>\n\t\t<\/div>\n\t\t\t\t\t\t<\/div>\n\t\t\t\t<\/div>\n\t\t\t\t\t<\/div>\n\t\t<\/div>\n\t\t\t\t<div class=\"elementor-column elementor-col-33 elementor-top-column elementor-element elementor-element-317af62\" data-id=\"317af62\" data-element_type=\"column\">\n\t\t\t<div class=\"elementor-widget-wrap elementor-element-populated\">\n\t\t\t\t\t\t<div class=\"elementor-element elementor-element-81e46ee elementor-widget elementor-widget-spacer\" data-id=\"81e46ee\" data-element_type=\"widget\" data-widget_type=\"spacer.default\">\n\t\t\t\t<div class=\"elementor-widget-container\">\n\t\t\t\t\t\t\t<div class=\"elementor-spacer\">\n\t\t\t<div class=\"elementor-spacer-inner\"><\/div>\n\t\t<\/div>\n\t\t\t\t\t\t<\/div>\n\t\t\t\t<\/div>\n\t\t\t\t<div class=\"elementor-element elementor-element-7463a98 elementor-widget elementor-widget-heading\" data-id=\"7463a98\" data-element_type=\"widget\" data-widget_type=\"heading.default\">\n\t\t\t\t<div class=\"elementor-widget-container\">\n\t\t\t\t\t<h1 class=\"elementor-heading-title elementor-size-default\">RESTAURANT SA FIGUERA<\/h1>\t\t\t\t<\/div>\n\t\t\t\t<\/div>\n\t\t\t\t<div class=\"elementor-element elementor-element-70f20b0 elementor-widget elementor-widget-spacer\" data-id=\"70f20b0\" data-element_type=\"widget\" data-widget_type=\"spacer.default\">\n\t\t\t\t<div class=\"elementor-widget-container\">\n\t\t\t\t\t\t\t<div class=\"elementor-spacer\">\n\t\t\t<div class=\"elementor-spacer-inner\"><\/div>\n\t\t<\/div>\n\t\t\t\t\t\t<\/div>\n\t\t\t\t<\/div>\n\t\t\t\t\t<\/div>\n\t\t<\/div>\n\t\t\t\t<div class=\"elementor-column elementor-col-33 elementor-top-column elementor-element elementor-element-a0400f2\" data-id=\"a0400f2\" data-element_type=\"column\">\n\t\t\t<div class=\"elementor-widget-wrap\">\n\t\t\t\t\t\t\t<\/div>\n\t\t<\/div>\n\t\t\t\t\t<\/div>\n\t\t<\/section>\n\t\t\t\t<section class=\"elementor-section elementor-top-section elementor-element elementor-element-475e9f9 elementor-section-boxed elementor-section-height-default elementor-section-height-default\" data-id=\"475e9f9\" data-element_type=\"section\" data-settings=\"{&quot;background_background&quot;:&quot;classic&quot;}\">\n\t\t\t\t\t\t<div class=\"elementor-container elementor-column-gap-no\">\n\t\t\t\t\t<div class=\"elementor-column elementor-col-100 elementor-top-column elementor-element elementor-element-5d916ab\" data-id=\"5d916ab\" data-element_type=\"column\">\n\t\t\t<div class=\"elementor-widget-wrap elementor-element-populated\">\n\t\t\t\t\t\t<div class=\"elementor-element elementor-element-ea7b59e elementor-arrows-position-inside elementor-widget elementor-widget-image-carousel\" data-id=\"ea7b59e\" data-element_type=\"widget\" data-settings=\"{&quot;slides_to_show&quot;:&quot;1&quot;,&quot;navigation&quot;:&quot;arrows&quot;,&quot;autoplay&quot;:&quot;yes&quot;,&quot;pause_on_hover&quot;:&quot;yes&quot;,&quot;pause_on_interaction&quot;:&quot;yes&quot;,&quot;autoplay_speed&quot;:5000,&quot;infinite&quot;:&quot;yes&quot;,&quot;effect&quot;:&quot;slide&quot;,&quot;speed&quot;:500}\" data-widget_type=\"image-carousel.default\">\n\t\t\t\t<div class=\"elementor-widget-container\">\n\t\t\t\t\t\t\t<div class=\"elementor-image-carousel-wrapper swiper\" role=\"region\" aria-roledescription=\"carousel\" aria-label=\"Bild Karussell\" dir=\"ltr\">\n\t\t\t<div class=\"elementor-image-carousel swiper-wrapper\" aria-live=\"off\">\n\t\t\t\t\t\t\t\t<div class=\"swiper-slide\" role=\"group\" aria-roledescription=\"slide\" aria-label=\"1 von 5\"><figure class=\"swiper-slide-inner\"><img decoding=\"async\" class=\"swiper-slide-image\" src=\"https:\/\/hotelesport.com\/directorio\/wp-content\/uploads\/2022\/03\/safiguera-01.jpg\" alt=\"safiguera-01\" \/><\/figure><\/div><div class=\"swiper-slide\" role=\"group\" aria-roledescription=\"slide\" aria-label=\"2 von 5\"><figure class=\"swiper-slide-inner\"><img decoding=\"async\" class=\"swiper-slide-image\" src=\"https:\/\/hotelesport.com\/directorio\/wp-content\/uploads\/2022\/03\/safiguera-02.jpg\" alt=\"safiguera-02\" \/><\/figure><\/div><div class=\"swiper-slide\" role=\"group\" aria-roledescription=\"slide\" aria-label=\"3 von 5\"><figure class=\"swiper-slide-inner\"><img decoding=\"async\" class=\"swiper-slide-image\" src=\"https:\/\/hotelesport.com\/directorio\/wp-content\/uploads\/2022\/03\/safiguera-03.jpg\" alt=\"safiguera-03\" \/><\/figure><\/div><div class=\"swiper-slide\" role=\"group\" aria-roledescription=\"slide\" aria-label=\"4 von 5\"><figure class=\"swiper-slide-inner\"><img decoding=\"async\" class=\"swiper-slide-image\" src=\"https:\/\/hotelesport.com\/directorio\/wp-content\/uploads\/2022\/03\/safiguera-04.jpg\" alt=\"safiguera-04\" \/><\/figure><\/div><div class=\"swiper-slide\" role=\"group\" aria-roledescription=\"slide\" aria-label=\"5 von 5\"><figure class=\"swiper-slide-inner\"><img decoding=\"async\" class=\"swiper-slide-image\" src=\"https:\/\/hotelesport.com\/directorio\/wp-content\/uploads\/2022\/03\/safiguera-05.jpg\" alt=\"safiguera-05\" \/><\/figure><\/div>\t\t\t<\/div>\n\t\t\t\t\t\t\t\t\t\t\t\t<div class=\"elementor-swiper-button elementor-swiper-button-prev\" role=\"button\" tabindex=\"0\">\n\t\t\t\t\t\t<i aria-hidden=\"true\" class=\"eicon-chevron-left\"><\/i>\t\t\t\t\t<\/div>\n\t\t\t\t\t<div class=\"elementor-swiper-button elementor-swiper-button-next\" role=\"button\" tabindex=\"0\">\n\t\t\t\t\t\t<i aria-hidden=\"true\" class=\"eicon-chevron-right\"><\/i>\t\t\t\t\t<\/div>\n\t\t\t\t\n\t\t\t\t\t\t\t\t\t<\/div>\n\t\t\t\t\t\t<\/div>\n\t\t\t\t<\/div>\n\t\t\t\t\t<\/div>\n\t\t<\/div>\n\t\t\t\t\t<\/div>\n\t\t<\/section>\n\t\t\t\t<section class=\"elementor-section elementor-top-section elementor-element elementor-element-e9510c3 elementor-section-boxed elementor-section-height-default elementor-section-height-default\" data-id=\"e9510c3\" data-element_type=\"section\" data-settings=\"{&quot;background_background&quot;:&quot;classic&quot;}\">\n\t\t\t\t\t\t<div class=\"elementor-container elementor-column-gap-no\">\n\t\t\t\t\t<div class=\"elementor-column elementor-col-100 elementor-top-column elementor-element elementor-element-175848a\" data-id=\"175848a\" data-element_type=\"column\">\n\t\t\t<div class=\"elementor-widget-wrap elementor-element-populated\">\n\t\t\t\t\t\t<div class=\"elementor-element elementor-element-160dc64 elementor-widget elementor-widget-text-editor\" data-id=\"160dc64\" data-element_type=\"widget\" data-widget_type=\"text-editor.default\">\n\t\t\t\t<div class=\"elementor-widget-container\">\n\t\t\t\t\t\t\t\t\t<div class=\"kc-elm kc-css-373092 kc_col-sm-6 kc_column_inner kc_col-sm-6\"><div class=\"kc_wrapper kc-col-inner-container\"><div class=\"kc-elm kc-css-813453 kc_text_block\"><p>Im <strong>Restaurant Sa Figuera<\/strong> erhalten unsere G\u00e4ste die Gelegenheit die besten internationalen Gerichte zu genie\u00dfen, in einer Kombination mit dem Besten, was die mallorquinische K\u00fcche zu bieten hat, zubereitet mit Zutaten aus unserem eigenen Gem\u00fcsegarten. Das Essen wird Ihnen im Au\u00dfenbereich unserer Anlagen serviert, die mit einer sorgf\u00e4ltigen und eleganten Dekoration geschm\u00fcckt sind, ganz im alten Stil dieses Hauses und der historischen Hotelgeb\u00e4ude.<\/p><p>Die K\u00fcche des <strong>Restaurants Sa Figuera<\/strong> basiert auf einem Men\u00fc mit Gerichten der Fusionsk\u00fcche, die von unserem <strong>K\u00fcchenchef Xisco Arbona<\/strong> unter Verwendung von Produkten erstklassiger Qualit\u00e4t zubereitet werden. Frischer Fisch aus der nahegelegenen Bucht, bestes Fleisch, Gem\u00fcse aus dem eigenen Garten und Desserts, die Sie sich nicht entgehen lassen sollten. Wir werden Sie \u00fcber den Gaumen f\u00fcr uns gewinnen!<\/p><\/div><\/div><\/div>\t\t\t\t\t\t\t\t<\/div>\n\t\t\t\t<\/div>\n\t\t\t\t<div class=\"elementor-element elementor-element-17504e8 elementor-widget elementor-widget-spacer\" data-id=\"17504e8\" data-element_type=\"widget\" data-widget_type=\"spacer.default\">\n\t\t\t\t<div class=\"elementor-widget-container\">\n\t\t\t\t\t\t\t<div class=\"elementor-spacer\">\n\t\t\t<div class=\"elementor-spacer-inner\"><\/div>\n\t\t<\/div>\n\t\t\t\t\t\t<\/div>\n\t\t\t\t<\/div>\n\t\t\t\t\t<\/div>\n\t\t<\/div>\n\t\t\t\t\t<\/div>\n\t\t<\/section>\n\t\t\t\t<section class=\"elementor-section elementor-top-section elementor-element elementor-element-47738c7 elementor-section-boxed elementor-section-height-default elementor-section-height-default\" data-id=\"47738c7\" data-element_type=\"section\" data-settings=\"{&quot;background_background&quot;:&quot;classic&quot;}\">\n\t\t\t\t\t\t<div class=\"elementor-container elementor-column-gap-no\">\n\t\t\t\t\t<div class=\"elementor-column elementor-col-100 elementor-top-column elementor-element elementor-element-de91b65\" data-id=\"de91b65\" data-element_type=\"column\">\n\t\t\t<div class=\"elementor-widget-wrap elementor-element-populated\">\n\t\t\t\t\t\t<div class=\"elementor-element elementor-element-efbc18e elementor-widget elementor-widget-spacer\" data-id=\"efbc18e\" data-element_type=\"widget\" data-widget_type=\"spacer.default\">\n\t\t\t\t<div class=\"elementor-widget-container\">\n\t\t\t\t\t\t\t<div class=\"elementor-spacer\">\n\t\t\t<div class=\"elementor-spacer-inner\"><\/div>\n\t\t<\/div>\n\t\t\t\t\t\t<\/div>\n\t\t\t\t<\/div>\n\t\t\t\t<div class=\"elementor-element elementor-element-aab90d3 elementor-widget elementor-widget-heading\" data-id=\"aab90d3\" data-element_type=\"widget\" data-widget_type=\"heading.default\">\n\t\t\t\t<div class=\"elementor-widget-container\">\n\t\t\t\t\t<h2 class=\"elementor-heading-title elementor-size-default\">\u00d6FFNUNGSZEITEN<\/h2>\t\t\t\t<\/div>\n\t\t\t\t<\/div>\n\t\t\t\t<div class=\"elementor-element elementor-element-cf429f1 elementor-widget-divider--view-line elementor-widget elementor-widget-divider\" data-id=\"cf429f1\" data-element_type=\"widget\" data-widget_type=\"divider.default\">\n\t\t\t\t<div class=\"elementor-widget-container\">\n\t\t\t\t\t\t\t<div class=\"elementor-divider\">\n\t\t\t<span class=\"elementor-divider-separator\">\n\t\t\t\t\t\t<\/span>\n\t\t<\/div>\n\t\t\t\t\t\t<\/div>\n\t\t\t\t<\/div>\n\t\t\t\t<div class=\"elementor-element elementor-element-01ea275 elementor-widget elementor-widget-text-editor\" data-id=\"01ea275\" data-element_type=\"widget\" data-widget_type=\"text-editor.default\">\n\t\t\t\t<div class=\"elementor-widget-container\">\n\t\t\t\t\t\t\t\t\t<p>Von Montag bis Samstag,<br \/>von 18:30 bis 22:00 Uhr<\/p>\t\t\t\t\t\t\t\t<\/div>\n\t\t\t\t<\/div>\n\t\t\t\t<div class=\"elementor-element elementor-element-f1305b2 elementor-widget elementor-widget-spacer\" data-id=\"f1305b2\" data-element_type=\"widget\" data-widget_type=\"spacer.default\">\n\t\t\t\t<div class=\"elementor-widget-container\">\n\t\t\t\t\t\t\t<div class=\"elementor-spacer\">\n\t\t\t<div class=\"elementor-spacer-inner\"><\/div>\n\t\t<\/div>\n\t\t\t\t\t\t<\/div>\n\t\t\t\t<\/div>\n\t\t\t\t\t<\/div>\n\t\t<\/div>\n\t\t\t\t\t<\/div>\n\t\t<\/section>\n\t\t\t\t<section class=\"elementor-section elementor-top-section elementor-element elementor-element-72024c2 elementor-section-boxed elementor-section-height-default elementor-section-height-default\" data-id=\"72024c2\" data-element_type=\"section\" data-settings=\"{&quot;background_background&quot;:&quot;classic&quot;}\">\n\t\t\t\t\t\t<div class=\"elementor-container elementor-column-gap-no\">\n\t\t\t\t\t<div class=\"elementor-column elementor-col-100 elementor-top-column elementor-element elementor-element-88ba013\" data-id=\"88ba013\" data-element_type=\"column\">\n\t\t\t<div class=\"elementor-widget-wrap elementor-element-populated\">\n\t\t\t\t\t\t<div class=\"elementor-element elementor-element-ca1d2f3 elementor-align-center elementor-widget__width-auto elementor-widget elementor-widget-button\" data-id=\"ca1d2f3\" data-element_type=\"widget\" data-widget_type=\"button.default\">\n\t\t\t\t<div class=\"elementor-widget-container\">\n\t\t\t\t\t\t\t\t\t<div class=\"elementor-button-wrapper\">\n\t\t\t\t\t<a class=\"elementor-button elementor-button-link elementor-size-sm\" href=\"https:\/\/www.safiguerarestaurant.com\/de\/carta\/\" target=\"_blank\">\n\t\t\t\t\t\t<span class=\"elementor-button-content-wrapper\">\n\t\t\t\t\t\t<span class=\"elementor-button-icon\">\n\t\t\t\t<i aria-hidden=\"true\" class=\"far fa-list-alt\"><\/i>\t\t\t<\/span>\n\t\t\t\t\t\t\t\t\t<span class=\"elementor-button-text\">KARTE EINSEHEN<\/span>\n\t\t\t\t\t<\/span>\n\t\t\t\t\t<\/a>\n\t\t\t\t<\/div>\n\t\t\t\t\t\t\t\t<\/div>\n\t\t\t\t<\/div>\n\t\t\t\t<div class=\"elementor-element elementor-element-a381662 elementor-align-center elementor-widget__width-auto elementor-widget elementor-widget-button\" data-id=\"a381662\" data-element_type=\"widget\" data-widget_type=\"button.default\">\n\t\t\t\t<div class=\"elementor-widget-container\">\n\t\t\t\t\t\t\t\t\t<div class=\"elementor-button-wrapper\">\n\t\t\t\t\t<a class=\"elementor-button elementor-button-link elementor-size-sm\" href=\"tel:+34%20971%20631%20650\" target=\"_blank\">\n\t\t\t\t\t\t<span class=\"elementor-button-content-wrapper\">\n\t\t\t\t\t\t<span class=\"elementor-button-icon\">\n\t\t\t\t<i aria-hidden=\"true\" class=\"fas fa-phone-alt\"><\/i>\t\t\t<\/span>\n\t\t\t\t\t\t\t\t\t<span class=\"elementor-button-text\">REZEPTION<\/span>\n\t\t\t\t\t<\/span>\n\t\t\t\t\t<\/a>\n\t\t\t\t<\/div>\n\t\t\t\t\t\t\t\t<\/div>\n\t\t\t\t<\/div>\n\t\t\t\t\t<\/div>\n\t\t<\/div>\n\t\t\t\t\t<\/div>\n\t\t<\/section>\n\t\t\t\t<section class=\"elementor-section elementor-top-section elementor-element elementor-element-00ebd8c elementor-section-boxed elementor-section-height-default elementor-section-height-default\" data-id=\"00ebd8c\" data-element_type=\"section\">\n\t\t\t\t\t\t<div class=\"elementor-container elementor-column-gap-default\">\n\t\t\t\t\t<div class=\"elementor-column elementor-col-100 elementor-top-column elementor-element elementor-element-8e56767\" data-id=\"8e56767\" data-element_type=\"column\">\n\t\t\t<div class=\"elementor-widget-wrap elementor-element-populated\">\n\t\t\t\t\t\t<div class=\"elementor-element elementor-element-ed25c41 elementor-widget elementor-widget-spacer\" data-id=\"ed25c41\" data-element_type=\"widget\" data-widget_type=\"spacer.default\">\n\t\t\t\t<div class=\"elementor-widget-container\">\n\t\t\t\t\t\t\t<div class=\"elementor-spacer\">\n\t\t\t<div class=\"elementor-spacer-inner\"><\/div>\n\t\t<\/div>\n\t\t\t\t\t\t<\/div>\n\t\t\t\t<\/div>\n\t\t\t\t\t<\/div>\n\t\t<\/div>\n\t\t\t\t\t<\/div>\n\t\t<\/section>\n\t\t\t\t<\/div>\n\t\t","protected":false},"excerpt":{"rendered":"<p>RESTAURANT SA FIGUERA Anterior Siguiente Im Restaurant Sa Figuera erhalten unsere G\u00e4ste die Gelegenheit die besten internationalen Gerichte zu genie\u00dfen, in einer Kombination mit dem Besten, was die mallorquinische K\u00fcche zu bieten hat, zubereitet mit Zutaten aus unserem eigenen Gem\u00fcsegarten. Das Essen wird Ihnen im Au\u00dfenbereich unserer Anlagen serviert, die mit einer sorgf\u00e4ltigen und eleganten [&hellip;]<\/p>\n","protected":false},"author":1,"featured_media":0,"parent":0,"menu_order":0,"comment_status":"closed","ping_status":"closed","template":"page-limpia.php","meta":{"inline_featured_image":false,"footnotes":""},"class_list":["post-1637","page","type-page","status-publish","hentry"],"yoast_head":"<!-- This site is optimized with the Yoast SEO plugin v25.4 - https:\/\/yoast.com\/wordpress\/plugins\/seo\/ -->\n<title>Restaurante Sa Figuera - Hotel Es Port<\/title>\n<meta name=\"robots\" content=\"noindex, follow, max-snippet:-1, max-image-preview:large, max-video-preview:-1\" \/>\n<meta property=\"og:locale\" content=\"de_DE\" \/>\n<meta property=\"og:type\" content=\"article\" \/>\n<meta property=\"og:title\" content=\"Restaurante Sa Figuera - Hotel Es Port\" \/>\n<meta property=\"og:description\" content=\"RESTAURANT SA FIGUERA Anterior Siguiente Im Restaurant Sa Figuera erhalten unsere G\u00e4ste die Gelegenheit die besten internationalen Gerichte zu genie\u00dfen, in einer Kombination mit dem Besten, was die mallorquinische K\u00fcche zu bieten hat, zubereitet mit Zutaten aus unserem eigenen Gem\u00fcsegarten. Das Essen wird Ihnen im Au\u00dfenbereich unserer Anlagen serviert, die mit einer sorgf\u00e4ltigen und eleganten [&hellip;]\" \/>\n<meta property=\"og:url\" content=\"https:\/\/hotelesport.com\/directorio\/restaurante-sa-figuera\/\" \/>\n<meta property=\"og:site_name\" content=\"Hotel Es Port\" \/>\n<meta property=\"article:modified_time\" content=\"2025-02-11T11:50:52+00:00\" \/>\n<meta property=\"og:image\" content=\"https:\/\/hotelesport.com\/directorio\/wp-content\/uploads\/2022\/03\/safiguera-01.jpg\" \/>\n<meta name=\"twitter:card\" content=\"summary_large_image\" \/>\n<meta name=\"twitter:label1\" content=\"Gesch\u00e4tzte Lesezeit\" \/>\n\t<meta name=\"twitter:data1\" content=\"1\u00a0Minute\" \/>\n<script type=\"application\/ld+json\" class=\"yoast-schema-graph\">{\"@context\":\"https:\/\/schema.org\",\"@graph\":[{\"@type\":\"WebPage\",\"@id\":\"https:\/\/hotelesport.com\/directorio\/restaurante-sa-figuera\/\",\"url\":\"https:\/\/hotelesport.com\/directorio\/restaurante-sa-figuera\/\",\"name\":\"Restaurante Sa Figuera - Hotel Es Port\",\"isPartOf\":{\"@id\":\"https:\/\/hotelesport.com\/directorio\/#website\"},\"primaryImageOfPage\":{\"@id\":\"https:\/\/hotelesport.com\/directorio\/restaurante-sa-figuera\/#primaryimage\"},\"image\":{\"@id\":\"https:\/\/hotelesport.com\/directorio\/restaurante-sa-figuera\/#primaryimage\"},\"thumbnailUrl\":\"https:\/\/hotelesport.com\/directorio\/wp-content\/uploads\/2022\/03\/safiguera-01.jpg\",\"datePublished\":\"2022-03-18T13:22:05+00:00\",\"dateModified\":\"2025-02-11T11:50:52+00:00\",\"breadcrumb\":{\"@id\":\"https:\/\/hotelesport.com\/directorio\/restaurante-sa-figuera\/#breadcrumb\"},\"inLanguage\":\"de\",\"potentialAction\":[{\"@type\":\"ReadAction\",\"target\":[\"https:\/\/hotelesport.com\/directorio\/restaurante-sa-figuera\/\"]}]},{\"@type\":\"ImageObject\",\"inLanguage\":\"de\",\"@id\":\"https:\/\/hotelesport.com\/directorio\/restaurante-sa-figuera\/#primaryimage\",\"url\":\"https:\/\/hotelesport.com\/directorio\/wp-content\/uploads\/2022\/03\/safiguera-01.jpg\",\"contentUrl\":\"https:\/\/hotelesport.com\/directorio\/wp-content\/uploads\/2022\/03\/safiguera-01.jpg\"},{\"@type\":\"BreadcrumbList\",\"@id\":\"https:\/\/hotelesport.com\/directorio\/restaurante-sa-figuera\/#breadcrumb\",\"itemListElement\":[{\"@type\":\"ListItem\",\"position\":1,\"name\":\"Portada\",\"item\":\"https:\/\/hotelesport.com\/directorio\/\"},{\"@type\":\"ListItem\",\"position\":2,\"name\":\"Restaurante Sa Figuera\"}]},{\"@type\":\"WebSite\",\"@id\":\"https:\/\/hotelesport.com\/directorio\/#website\",\"url\":\"https:\/\/hotelesport.com\/directorio\/\",\"name\":\"Hotel Es Port\",\"description\":\"Directorio\",\"potentialAction\":[{\"@type\":\"SearchAction\",\"target\":{\"@type\":\"EntryPoint\",\"urlTemplate\":\"https:\/\/hotelesport.com\/directorio\/?s={search_term_string}\"},\"query-input\":{\"@type\":\"PropertyValueSpecification\",\"valueRequired\":true,\"valueName\":\"search_term_string\"}}],\"inLanguage\":\"de\"}]}<\/script>\n<!-- \/ Yoast SEO plugin. -->","yoast_head_json":{"title":"Restaurante Sa Figuera - Hotel Es Port","robots":{"index":"noindex","follow":"follow","max-snippet":"max-snippet:-1","max-image-preview":"max-image-preview:large","max-video-preview":"max-video-preview:-1"},"og_locale":"de_DE","og_type":"article","og_title":"Restaurante Sa Figuera - Hotel Es Port","og_description":"RESTAURANT SA FIGUERA Anterior Siguiente Im Restaurant Sa Figuera erhalten unsere G\u00e4ste die Gelegenheit die besten internationalen Gerichte zu genie\u00dfen, in einer Kombination mit dem Besten, was die mallorquinische K\u00fcche zu bieten hat, zubereitet mit Zutaten aus unserem eigenen Gem\u00fcsegarten. Das Essen wird Ihnen im Au\u00dfenbereich unserer Anlagen serviert, die mit einer sorgf\u00e4ltigen und eleganten [&hellip;]","og_url":"https:\/\/hotelesport.com\/directorio\/restaurante-sa-figuera\/","og_site_name":"Hotel Es Port","article_modified_time":"2025-02-11T11:50:52+00:00","og_image":[{"url":"https:\/\/hotelesport.com\/directorio\/wp-content\/uploads\/2022\/03\/safiguera-01.jpg","type":"","width":"","height":""}],"twitter_card":"summary_large_image","twitter_misc":{"Gesch\u00e4tzte Lesezeit":"1\u00a0Minute"},"schema":{"@context":"https:\/\/schema.org","@graph":[{"@type":"WebPage","@id":"https:\/\/hotelesport.com\/directorio\/restaurante-sa-figuera\/","url":"https:\/\/hotelesport.com\/directorio\/restaurante-sa-figuera\/","name":"Restaurante Sa Figuera - Hotel Es Port","isPartOf":{"@id":"https:\/\/hotelesport.com\/directorio\/#website"},"primaryImageOfPage":{"@id":"https:\/\/hotelesport.com\/directorio\/restaurante-sa-figuera\/#primaryimage"},"image":{"@id":"https:\/\/hotelesport.com\/directorio\/restaurante-sa-figuera\/#primaryimage"},"thumbnailUrl":"https:\/\/hotelesport.com\/directorio\/wp-content\/uploads\/2022\/03\/safiguera-01.jpg","datePublished":"2022-03-18T13:22:05+00:00","dateModified":"2025-02-11T11:50:52+00:00","breadcrumb":{"@id":"https:\/\/hotelesport.com\/directorio\/restaurante-sa-figuera\/#breadcrumb"},"inLanguage":"de","potentialAction":[{"@type":"ReadAction","target":["https:\/\/hotelesport.com\/directorio\/restaurante-sa-figuera\/"]}]},{"@type":"ImageObject","inLanguage":"de","@id":"https:\/\/hotelesport.com\/directorio\/restaurante-sa-figuera\/#primaryimage","url":"https:\/\/hotelesport.com\/directorio\/wp-content\/uploads\/2022\/03\/safiguera-01.jpg","contentUrl":"https:\/\/hotelesport.com\/directorio\/wp-content\/uploads\/2022\/03\/safiguera-01.jpg"},{"@type":"BreadcrumbList","@id":"https:\/\/hotelesport.com\/directorio\/restaurante-sa-figuera\/#breadcrumb","itemListElement":[{"@type":"ListItem","position":1,"name":"Portada","item":"https:\/\/hotelesport.com\/directorio\/"},{"@type":"ListItem","position":2,"name":"Restaurante Sa Figuera"}]},{"@type":"WebSite","@id":"https:\/\/hotelesport.com\/directorio\/#website","url":"https:\/\/hotelesport.com\/directorio\/","name":"Hotel Es Port","description":"Directorio","potentialAction":[{"@type":"SearchAction","target":{"@type":"EntryPoint","urlTemplate":"https:\/\/hotelesport.com\/directorio\/?s={search_term_string}"},"query-input":{"@type":"PropertyValueSpecification","valueRequired":true,"valueName":"search_term_string"}}],"inLanguage":"de"}]}},"_links":{"self":[{"href":"https:\/\/hotelesport.com\/directorio\/de\/wp-json\/wp\/v2\/pages\/1637","targetHints":{"allow":["GET"]}}],"collection":[{"href":"https:\/\/hotelesport.com\/directorio\/de\/wp-json\/wp\/v2\/pages"}],"about":[{"href":"https:\/\/hotelesport.com\/directorio\/de\/wp-json\/wp\/v2\/types\/page"}],"author":[{"embeddable":true,"href":"https:\/\/hotelesport.com\/directorio\/de\/wp-json\/wp\/v2\/users\/1"}],"replies":[{"embeddable":true,"href":"https:\/\/hotelesport.com\/directorio\/de\/wp-json\/wp\/v2\/comments?post=1637"}],"version-history":[{"count":24,"href":"https:\/\/hotelesport.com\/directorio\/de\/wp-json\/wp\/v2\/pages\/1637\/revisions"}],"predecessor-version":[{"id":2455,"href":"https:\/\/hotelesport.com\/directorio\/de\/wp-json\/wp\/v2\/pages\/1637\/revisions\/2455"}],"wp:attachment":[{"href":"https:\/\/hotelesport.com\/directorio\/de\/wp-json\/wp\/v2\/media?parent=1637"}],"curies":[{"name":"wp","href":"https:\/\/api.w.org\/{rel}","templated":true}]}}