{"id":1655,"date":"2022-03-19T15:26:04","date_gmt":"2022-03-19T15:26:04","guid":{"rendered":"https:\/\/hotelesport.com\/directorio\/medioambiente\/"},"modified":"2026-02-26T13:39:17","modified_gmt":"2026-02-26T13:39:17","slug":"medioambiente","status":"publish","type":"page","link":"https:\/\/hotelesport.com\/directorio\/de\/medioambiente\/","title":{"rendered":"Medioambiente"},"content":{"rendered":"\t\t<div data-elementor-type=\"wp-page\" data-elementor-id=\"1655\" class=\"elementor elementor-1655\">\n\t\t\t\t\t\t<section class=\"elementor-section elementor-top-section elementor-element elementor-element-a86efb6 elementor-section-boxed elementor-section-height-default elementor-section-height-default\" data-id=\"a86efb6\" data-element_type=\"section\" data-settings=\"{&quot;background_background&quot;:&quot;classic&quot;}\">\n\t\t\t\t\t\t<div class=\"elementor-container elementor-column-gap-no\">\n\t\t\t\t\t<div class=\"elementor-column elementor-col-33 elementor-top-column elementor-element elementor-element-cab78e5\" data-id=\"cab78e5\" data-element_type=\"column\">\n\t\t\t<div class=\"elementor-widget-wrap elementor-element-populated\">\n\t\t\t\t\t\t<div class=\"elementor-element elementor-element-d176faf elementor-view-default elementor-widget elementor-widget-icon\" data-id=\"d176faf\" data-element_type=\"widget\" data-widget_type=\"icon.default\">\n\t\t\t\t<div class=\"elementor-widget-container\">\n\t\t\t\t\t\t\t<div class=\"elementor-icon-wrapper\">\n\t\t\t<a class=\"elementor-icon\" href=\"https:\/\/hotelesport.com\/directorio\/inicio\/\">\n\t\t\t<i aria-hidden=\"true\" class=\"fas fa-arrow-left\"><\/i>\t\t\t<\/a>\n\t\t<\/div>\n\t\t\t\t\t\t<\/div>\n\t\t\t\t<\/div>\n\t\t\t\t\t<\/div>\n\t\t<\/div>\n\t\t\t\t<div class=\"elementor-column elementor-col-33 elementor-top-column elementor-element elementor-element-317af62\" data-id=\"317af62\" data-element_type=\"column\">\n\t\t\t<div class=\"elementor-widget-wrap elementor-element-populated\">\n\t\t\t\t\t\t<div class=\"elementor-element elementor-element-81e46ee elementor-widget elementor-widget-spacer\" data-id=\"81e46ee\" data-element_type=\"widget\" data-widget_type=\"spacer.default\">\n\t\t\t\t<div class=\"elementor-widget-container\">\n\t\t\t\t\t\t\t<div class=\"elementor-spacer\">\n\t\t\t<div class=\"elementor-spacer-inner\"><\/div>\n\t\t<\/div>\n\t\t\t\t\t\t<\/div>\n\t\t\t\t<\/div>\n\t\t\t\t<div class=\"elementor-element elementor-element-7463a98 elementor-widget elementor-widget-heading\" data-id=\"7463a98\" data-element_type=\"widget\" data-widget_type=\"heading.default\">\n\t\t\t\t<div class=\"elementor-widget-container\">\n\t\t\t\t\t<h1 class=\"elementor-heading-title elementor-size-default\">Nachhaltigkeitsma\u00dfnahmen des Hotels<\/h1>\t\t\t\t<\/div>\n\t\t\t\t<\/div>\n\t\t\t\t<div class=\"elementor-element elementor-element-70f20b0 elementor-widget elementor-widget-spacer\" data-id=\"70f20b0\" data-element_type=\"widget\" data-widget_type=\"spacer.default\">\n\t\t\t\t<div class=\"elementor-widget-container\">\n\t\t\t\t\t\t\t<div class=\"elementor-spacer\">\n\t\t\t<div class=\"elementor-spacer-inner\"><\/div>\n\t\t<\/div>\n\t\t\t\t\t\t<\/div>\n\t\t\t\t<\/div>\n\t\t\t\t\t<\/div>\n\t\t<\/div>\n\t\t\t\t<div class=\"elementor-column elementor-col-33 elementor-top-column elementor-element elementor-element-a0400f2\" data-id=\"a0400f2\" data-element_type=\"column\">\n\t\t\t<div class=\"elementor-widget-wrap\">\n\t\t\t\t\t\t\t<\/div>\n\t\t<\/div>\n\t\t\t\t\t<\/div>\n\t\t<\/section>\n\t\t\t\t<section class=\"elementor-section elementor-top-section elementor-element elementor-element-475e9f9 elementor-section-boxed elementor-section-height-default elementor-section-height-default\" data-id=\"475e9f9\" data-element_type=\"section\" data-settings=\"{&quot;background_background&quot;:&quot;classic&quot;}\">\n\t\t\t\t\t\t<div class=\"elementor-container elementor-column-gap-no\">\n\t\t\t\t\t<div class=\"elementor-column elementor-col-100 elementor-top-column elementor-element elementor-element-5d916ab\" data-id=\"5d916ab\" data-element_type=\"column\">\n\t\t\t<div class=\"elementor-widget-wrap elementor-element-populated\">\n\t\t\t\t\t\t<div class=\"elementor-element elementor-element-ea7b59e elementor-arrows-position-inside elementor-widget elementor-widget-image-carousel\" data-id=\"ea7b59e\" data-element_type=\"widget\" data-settings=\"{&quot;slides_to_show&quot;:&quot;1&quot;,&quot;navigation&quot;:&quot;arrows&quot;,&quot;autoplay&quot;:&quot;yes&quot;,&quot;pause_on_hover&quot;:&quot;yes&quot;,&quot;pause_on_interaction&quot;:&quot;yes&quot;,&quot;autoplay_speed&quot;:5000,&quot;infinite&quot;:&quot;yes&quot;,&quot;effect&quot;:&quot;slide&quot;,&quot;speed&quot;:500}\" data-widget_type=\"image-carousel.default\">\n\t\t\t\t<div class=\"elementor-widget-container\">\n\t\t\t\t\t\t\t<div class=\"elementor-image-carousel-wrapper swiper\" role=\"region\" aria-roledescription=\"carousel\" aria-label=\"Carrusel de im\u00e1genes\" dir=\"ltr\">\n\t\t\t<div class=\"elementor-image-carousel swiper-wrapper\" aria-live=\"off\">\n\t\t\t\t\t\t\t\t<div class=\"swiper-slide\" role=\"group\" aria-roledescription=\"slide\" aria-label=\"1 von 1\"><figure class=\"swiper-slide-inner\"><img decoding=\"async\" class=\"swiper-slide-image\" src=\"https:\/\/hotelesport.com\/directorio\/wp-content\/uploads\/2022\/05\/medio.jpg\" alt=\"medio\" \/><\/figure><\/div>\t\t\t<\/div>\n\t\t\t\t\t<\/div>\n\t\t\t\t\t\t<\/div>\n\t\t\t\t<\/div>\n\t\t\t\t\t<\/div>\n\t\t<\/div>\n\t\t\t\t\t<\/div>\n\t\t<\/section>\n\t\t\t\t<section class=\"elementor-section elementor-top-section elementor-element elementor-element-e9510c3 elementor-section-boxed elementor-section-height-default elementor-section-height-default\" data-id=\"e9510c3\" data-element_type=\"section\" data-settings=\"{&quot;background_background&quot;:&quot;classic&quot;}\">\n\t\t\t\t\t\t<div class=\"elementor-container elementor-column-gap-no\">\n\t\t\t\t\t<div class=\"elementor-column elementor-col-100 elementor-top-column elementor-element elementor-element-175848a\" data-id=\"175848a\" data-element_type=\"column\">\n\t\t\t<div class=\"elementor-widget-wrap elementor-element-populated\">\n\t\t\t\t\t\t<div class=\"elementor-element elementor-element-160dc64 elementor-widget elementor-widget-text-editor\" data-id=\"160dc64\" data-element_type=\"widget\" data-widget_type=\"text-editor.default\">\n\t\t\t\t<div class=\"elementor-widget-container\">\n\t\t\t\t\t\t\t\t\t<p>Das Hotel Es Port setzt verschiedene Ma\u00dfnahmen um, um als <strong>nachhaltiges und umweltfreundliches <\/strong>Hotel zu operieren, es hat in diesem Sinne das internationale G\u00fctesiegel von GSTC erhalten. Helfen Sie uns und folgen diesem Beispiel, indem Sie diese Hinweise befolgen:<\/p>\t\t\t\t\t\t\t\t<\/div>\n\t\t\t\t<\/div>\n\t\t\t\t<div class=\"elementor-element elementor-element-0c9d1eb elementor-widget elementor-widget-text-editor\" data-id=\"0c9d1eb\" data-element_type=\"widget\" data-widget_type=\"text-editor.default\">\n\t\t\t\t<div class=\"elementor-widget-container\">\n\t\t\t\t\t\t\t\t\t<ul><li><p><strong>Wir m\u00f6chten unsere G\u00e4ste daran erinnern, verantwortungsvoll und sparsam mit Wasser und Energie umzugehen.<\/strong><\/p><\/li><li><p><strong>Handtuchwechsel im Bad:<\/strong> Wenn Sie die Handt\u00fccher wechseln wollen, legen Sie diese bitte auf den Boden des Badezimmer.<\/p><\/li><li><p><strong>Die Fenster sind mit einem automatischen Sensor ausgestattet<\/strong>. Wenn Sie das Fenster \u00f6ffnen, wird die Klimaanlage\/Heizung ausgeschaltet.<\/p><\/li><li><p><strong>Recycling:<\/strong> Werfen Sie Ihre Abf\u00e4lle bitte in den Abfalleimer im Badezimmer, und Plastik, Pappe und Glas in den Abfalleimer im Zimmer. Unser Reinigungspersonal wird sich um das Recycling dieser Materialien k\u00fcmmern.<\/p><\/li><li><p><strong>Wir minimieren die Verwendung von Kunststoffen<\/strong> und haben aus diesem Grund all unsere Toilettenartikel durch wieder verwertbare Spender aus recyceltem Material ersetzt und hochwertige Naturkosmetika zur F\u00fcllung derselben gew\u00e4hlt.\u00a0 Diese Automaten sind Eigentum des Hotels. Sollten Sie dieses Produkt erwerben m\u00f6chten, ist dieses an der Rezeption erh\u00e4ltlich.<\/p><\/li><li><p>Das Hotel verf\u00fcgt \u00fcber <strong>eine Photovoltaikanlage<\/strong>, um den Stromverbrauch zu minimieren.<\/p><\/li><li><p>Das Hotel verf\u00fcgt \u00fcber ein <strong>System zur R\u00fcckgewinnung von Grauwasser<\/strong>, das gefiltert und zur Bew\u00e4sserung der G\u00e4rten und des Bio-Gem\u00fcsegartens wiederverwendet wird, zu dem selben Zweck wird auch Regenwasser und Wasser aus Naturquellen gesammelt.<\/p><\/li><li><p>Das Hotel verf\u00fcgt \u00fcber eine <strong>gro\u00dfe, mit Olivenb\u00e4umen bepflanzte Grundfl\u00e4che<\/strong>. Die Olivenhaine werden nach traditionellen und biologischen Methoden gepflegt und erhalten, und aus den geernteten Oliven wird <strong>eigenes natives Oliven\u00f6l <\/strong>gewonnen, das in den hoteleigenen Bars und Restaurants verwendet wird. Die G\u00e4ste sind herzlich eingeladen, die Olivenhaine zu besuchen, wenn sie es w\u00fcnschen.<\/p><\/li><li><p>Au\u00dferdem gibt es einen <strong>Obstgarten mit Orangen, Zitronen und Avocados<\/strong>, sowie Saison-Gem\u00fcse f\u00fcr die Hotel-Restaurants.<\/p><\/li><li><p>Aus den organischen \u00dcbersch\u00fcssen stellen wir unseren <strong>eigenen Kompost<\/strong> her und verwenden ihn in unseren Obstg\u00e4rten und Olivenhainen.<\/p><\/li><li><p>Wann immer es uns m\u00f6glich ist, bieten wir w\u00f6chentlich eine F\u00fchrung durch die Hoteleinrichtungen an, auf der der <strong>Nachhaltigkeitsprozess<\/strong> und dessen Geschichte erl\u00e4utert werden.<\/p><\/li><li><p>Sie befinden sich im Herzen des <strong>Tramuntana-Gebirges<\/strong>, das 2011 <strong>von der UNESCO <\/strong>zum <strong>Weltkulturerbe<\/strong> erkl\u00e4rt wurde. An der Rezeption erhalten Sie Informationen \u00fcber eine Reihe von kulturellen und nat\u00fcrlichen Sehensw\u00fcrdigkeiten in der Umgebung sowie \u00fcber Orte, die Ihnen helfen, die lokale Landschaft und Kultur besser zu interpretieren. Wir bieten den G\u00e4sten gef\u00fchrte Touren an. Bitte achten Sie auf die nat\u00fcrliche Umgebung und die Landschaft und hinterlassen Sie sie so, wie Sie sie vorgefunden haben, frei von M\u00fcll und intakt.<\/p><\/li><li><p>Wir erinnern Sie daran, dass es aus Respekt vor der \u00f6rtlichen Religion und Kultur nicht ratsam ist, Kultst\u00e4tten in Badekleidung, \u00e4rmellos und Hut\/Kappe zu betreten.<\/p><\/li><li><p>Die Stadt S\u00f3ller und die Insel im Allgemeinen feiern verschiedene traditionelle religi\u00f6se Feste, wie z.B. Weihnachten (25. Dezember), Karneval (Februar), Ostern (variiert zwischen M\u00e4rz und April), der Jahrmarkt (zweiter Sonntag im Mai), der eine Scheinschlacht zwischen den Einheimischen und den Mauren aus dem Jahre 1561 (es fir\u00f3) einschlie\u00dft, die Patronatsfeste in den H\u00e4fen (Sant Pere am 29. Juni) und S\u00f3ller (Sant Bartomeu am 24. August) sowie das Volksfest Sant Antoni am 17. Januar, bei dem Lagerfeuer entz\u00fcndet und die typischen Inselw\u00fcrste gegrillt werden. Jedes dieser Feste ist mit typischen Speisen und Veranstaltungen verbunden.<\/p><\/li><\/ul>\t\t\t\t\t\t\t\t<\/div>\n\t\t\t\t<\/div>\n\t\t\t\t<div class=\"elementor-element elementor-element-17504e8 elementor-widget elementor-widget-spacer\" data-id=\"17504e8\" data-element_type=\"widget\" data-widget_type=\"spacer.default\">\n\t\t\t\t<div class=\"elementor-widget-container\">\n\t\t\t\t\t\t\t<div class=\"elementor-spacer\">\n\t\t\t<div class=\"elementor-spacer-inner\"><\/div>\n\t\t<\/div>\n\t\t\t\t\t\t<\/div>\n\t\t\t\t<\/div>\n\t\t\t\t<div class=\"elementor-element elementor-element-fa2d673 elementor-widget elementor-widget-image\" data-id=\"fa2d673\" data-element_type=\"widget\" data-widget_type=\"image.default\">\n\t\t\t\t<div class=\"elementor-widget-container\">\n\t\t\t\t\t\t\t\t\t\t\t\t\t\t\t\t<a href=\"https:\/\/www.hotelesport.com\/de\/globale-rat-fur-nachhaltigen-tourismus\/\" target=\"_blank\">\n\t\t\t\t\t\t\t<img decoding=\"async\" src=\"https:\/\/hotelesport.com\/directorio\/wp-content\/uploads\/elementor\/thumbs\/gstc-r4bc33kd6yynzsv2nsxf3t0f3c3izbhuyt50es40c8.png\" title=\"gstc\" alt=\"gstc\" loading=\"lazy\" \/>\t\t\t\t\t\t\t\t<\/a>\n\t\t\t\t\t\t\t\t\t\t\t\t\t\t\t<\/div>\n\t\t\t\t<\/div>\n\t\t\t\t<div class=\"elementor-element elementor-element-68d181d elementor-widget elementor-widget-text-editor\" data-id=\"68d181d\" data-element_type=\"widget\" data-widget_type=\"text-editor.default\">\n\t\t\t\t<div class=\"elementor-widget-container\">\n\t\t\t\t\t\t\t\t\t<p><b>FUSSABDRUCK-KOMPENSATION<br \/><\/b>Sehr geehrter Gast,<br \/>Wie Sie wissen, helfen wir der Umwelt so gut wie m\u00f6glich. Wenn Sie mithelfen m\u00f6chten und Ihre CO2-Bilanz ausgleichen m\u00f6chten, k\u00f6nnen Sie sich an das Hotel wenden, da wir verschiedene Initiativen durchf\u00fchren:<\/p><ul><li>Das Hotel arbeitet mit dem Unternehmen <a href=\"https:\/\/co2gestion.com\/\" target=\"_blank\" rel=\"noopener\">CO2Gesti\u00f3n<\/a> by GESTFORMA zusammen, das daf\u00fcr verantwortlich ist, B\u00e4ume in den am meisten ben\u00f6tigten Gebieten auf verantwortungsvolle Weise zu pflanzen und somit zur Kompensation des CO2 und des in der Atmosph\u00e4re vorhandenen CO2-Fu\u00dfabdrucks beizutragen.<\/li><li>An der Rezeption finden Sie eine Spendenbox, in der freiwillige Beitr\u00e4ge der G\u00e4ste gesammelt werden, um ihren eigenen CO2-Fu\u00dfabdruck, der durch ihren Aufenthalt in unserem Hotel entstanden ist, auszugleichen.<\/li><\/ul><p>Herzlichen Dank f\u00fcr Ihre Mitarbeit!<\/p>\t\t\t\t\t\t\t\t<\/div>\n\t\t\t\t<\/div>\n\t\t\t\t<div class=\"elementor-element elementor-element-9e2fc1e elementor-widget elementor-widget-image\" data-id=\"9e2fc1e\" data-element_type=\"widget\" data-widget_type=\"image.default\">\n\t\t\t\t<div class=\"elementor-widget-container\">\n\t\t\t\t\t\t\t\t\t\t\t\t\t\t\t<img fetchpriority=\"high\" decoding=\"async\" width=\"600\" height=\"778\" src=\"https:\/\/hotelesport.com\/directorio\/wp-content\/uploads\/2025\/04\/ayuda-proteccion-medioambiente.jpg\" class=\"attachment-large size-large wp-image-2653\" alt=\"\" srcset=\"https:\/\/hotelesport.com\/directorio\/wp-content\/uploads\/2025\/04\/ayuda-proteccion-medioambiente.jpg 600w, https:\/\/hotelesport.com\/directorio\/wp-content\/uploads\/2025\/04\/ayuda-proteccion-medioambiente-231x300.jpg 231w\" sizes=\"(max-width: 600px) 100vw, 600px\" \/>\t\t\t\t\t\t\t\t\t\t\t\t\t\t\t<\/div>\n\t\t\t\t<\/div>\n\t\t\t\t<div class=\"elementor-element elementor-element-b91b8a7 elementor-widget elementor-widget-text-editor\" data-id=\"b91b8a7\" data-element_type=\"widget\" data-widget_type=\"text-editor.default\">\n\t\t\t\t<div class=\"elementor-widget-container\">\n\t\t\t\t\t\t\t\t\t<p><b>PLAN MOVESIII<br \/><\/b>Dank der Subventionen des PLAN MOVESIII, die aus europ\u00e4ischen Mitteln (Next Generation EU) und nationalen Mitteln im Rahmen des \u00f6kologischen Wandels in Spanien gew\u00e4hrt werden, haben wir zwei Elektrofahrzeuge f\u00fcr unser Unternehmen angeschafft und tragen damit zur Verbesserung der Nachhaltigkeit unseres Planeten bei.<br \/>Das Programm wird von der Zentralregierung gef\u00f6rdert und von den Autonomen Gemeinschaften verwaltet.<br \/><br \/><\/p>\t\t\t\t\t\t\t\t<\/div>\n\t\t\t\t<\/div>\n\t\t\t\t\t<\/div>\n\t\t<\/div>\n\t\t\t\t\t<\/div>\n\t\t<\/section>\n\t\t\t\t<section class=\"elementor-section elementor-top-section elementor-element elementor-element-00ebd8c elementor-section-boxed elementor-section-height-default elementor-section-height-default\" data-id=\"00ebd8c\" data-element_type=\"section\">\n\t\t\t\t\t\t<div class=\"elementor-container elementor-column-gap-default\">\n\t\t\t\t\t<div class=\"elementor-column elementor-col-100 elementor-top-column elementor-element elementor-element-8e56767\" data-id=\"8e56767\" data-element_type=\"column\">\n\t\t\t<div class=\"elementor-widget-wrap elementor-element-populated\">\n\t\t\t\t\t\t<div class=\"elementor-element elementor-element-ed25c41 elementor-widget elementor-widget-spacer\" data-id=\"ed25c41\" data-element_type=\"widget\" data-widget_type=\"spacer.default\">\n\t\t\t\t<div class=\"elementor-widget-container\">\n\t\t\t\t\t\t\t<div class=\"elementor-spacer\">\n\t\t\t<div class=\"elementor-spacer-inner\"><\/div>\n\t\t<\/div>\n\t\t\t\t\t\t<\/div>\n\t\t\t\t<\/div>\n\t\t\t\t\t<\/div>\n\t\t<\/div>\n\t\t\t\t\t<\/div>\n\t\t<\/section>\n\t\t\t\t<\/div>\n\t\t","protected":false},"excerpt":{"rendered":"<p>Nachhaltigkeitsma\u00dfnahmen des Hotels Das Hotel Es Port setzt verschiedene Ma\u00dfnahmen um, um als nachhaltiges und umweltfreundliches Hotel zu operieren, es hat in diesem Sinne das internationale G\u00fctesiegel von GSTC erhalten. Helfen Sie uns und folgen diesem Beispiel, indem Sie diese Hinweise befolgen: Wir m\u00f6chten unsere G\u00e4ste daran erinnern, verantwortungsvoll und sparsam mit Wasser und Energie [&hellip;]<\/p>\n","protected":false},"author":1,"featured_media":0,"parent":0,"menu_order":0,"comment_status":"closed","ping_status":"closed","template":"page-limpia.php","meta":{"inline_featured_image":false,"footnotes":""},"class_list":["post-1655","page","type-page","status-publish","hentry"],"yoast_head":"<!-- This site is optimized with the Yoast SEO plugin v25.4 - https:\/\/yoast.com\/wordpress\/plugins\/seo\/ -->\n<title>Medioambiente - Hotel Es Port<\/title>\n<meta name=\"robots\" content=\"noindex, follow, max-snippet:-1, max-image-preview:large, max-video-preview:-1\" \/>\n<meta property=\"og:locale\" content=\"de_DE\" \/>\n<meta property=\"og:type\" content=\"article\" \/>\n<meta property=\"og:title\" content=\"Medioambiente - Hotel Es Port\" \/>\n<meta property=\"og:description\" content=\"Nachhaltigkeitsma\u00dfnahmen des Hotels Das Hotel Es Port setzt verschiedene Ma\u00dfnahmen um, um als nachhaltiges und umweltfreundliches Hotel zu operieren, es hat in diesem Sinne das internationale G\u00fctesiegel von GSTC erhalten. Helfen Sie uns und folgen diesem Beispiel, indem Sie diese Hinweise befolgen: Wir m\u00f6chten unsere G\u00e4ste daran erinnern, verantwortungsvoll und sparsam mit Wasser und Energie [&hellip;]\" \/>\n<meta property=\"og:url\" content=\"https:\/\/hotelesport.com\/directorio\/de\/medioambiente\/\" \/>\n<meta property=\"og:site_name\" content=\"Hotel Es Port\" \/>\n<meta property=\"article:modified_time\" content=\"2026-02-26T13:39:17+00:00\" \/>\n<meta property=\"og:image\" content=\"https:\/\/hotelesport.com\/directorio\/wp-content\/uploads\/2022\/05\/medio.jpg\" \/>\n<meta name=\"twitter:card\" content=\"summary_large_image\" \/>\n<meta name=\"twitter:label1\" content=\"Gesch\u00e4tzte Lesezeit\" \/>\n\t<meta name=\"twitter:data1\" content=\"4\u00a0Minuten\" \/>\n<script type=\"application\/ld+json\" class=\"yoast-schema-graph\">{\"@context\":\"https:\/\/schema.org\",\"@graph\":[{\"@type\":\"WebPage\",\"@id\":\"https:\/\/hotelesport.com\/directorio\/de\/medioambiente\/\",\"url\":\"https:\/\/hotelesport.com\/directorio\/de\/medioambiente\/\",\"name\":\"Medioambiente - Hotel Es Port\",\"isPartOf\":{\"@id\":\"https:\/\/hotelesport.com\/directorio\/#website\"},\"primaryImageOfPage\":{\"@id\":\"https:\/\/hotelesport.com\/directorio\/de\/medioambiente\/#primaryimage\"},\"image\":{\"@id\":\"https:\/\/hotelesport.com\/directorio\/de\/medioambiente\/#primaryimage\"},\"thumbnailUrl\":\"https:\/\/hotelesport.com\/directorio\/wp-content\/uploads\/2022\/05\/medio.jpg\",\"datePublished\":\"2022-03-19T15:26:04+00:00\",\"dateModified\":\"2026-02-26T13:39:17+00:00\",\"breadcrumb\":{\"@id\":\"https:\/\/hotelesport.com\/directorio\/de\/medioambiente\/#breadcrumb\"},\"inLanguage\":\"de\",\"potentialAction\":[{\"@type\":\"ReadAction\",\"target\":[\"https:\/\/hotelesport.com\/directorio\/de\/medioambiente\/\"]}]},{\"@type\":\"ImageObject\",\"inLanguage\":\"de\",\"@id\":\"https:\/\/hotelesport.com\/directorio\/de\/medioambiente\/#primaryimage\",\"url\":\"https:\/\/hotelesport.com\/directorio\/wp-content\/uploads\/2022\/05\/medio.jpg\",\"contentUrl\":\"https:\/\/hotelesport.com\/directorio\/wp-content\/uploads\/2022\/05\/medio.jpg\"},{\"@type\":\"BreadcrumbList\",\"@id\":\"https:\/\/hotelesport.com\/directorio\/de\/medioambiente\/#breadcrumb\",\"itemListElement\":[{\"@type\":\"ListItem\",\"position\":1,\"name\":\"Portada\",\"item\":\"https:\/\/hotelesport.com\/directorio\/\"},{\"@type\":\"ListItem\",\"position\":2,\"name\":\"Medioambiente\"}]},{\"@type\":\"WebSite\",\"@id\":\"https:\/\/hotelesport.com\/directorio\/#website\",\"url\":\"https:\/\/hotelesport.com\/directorio\/\",\"name\":\"Hotel Es Port\",\"description\":\"Directorio\",\"potentialAction\":[{\"@type\":\"SearchAction\",\"target\":{\"@type\":\"EntryPoint\",\"urlTemplate\":\"https:\/\/hotelesport.com\/directorio\/?s={search_term_string}\"},\"query-input\":{\"@type\":\"PropertyValueSpecification\",\"valueRequired\":true,\"valueName\":\"search_term_string\"}}],\"inLanguage\":\"de\"}]}<\/script>\n<!-- \/ Yoast SEO plugin. -->","yoast_head_json":{"title":"Medioambiente - Hotel Es Port","robots":{"index":"noindex","follow":"follow","max-snippet":"max-snippet:-1","max-image-preview":"max-image-preview:large","max-video-preview":"max-video-preview:-1"},"og_locale":"de_DE","og_type":"article","og_title":"Medioambiente - Hotel Es Port","og_description":"Nachhaltigkeitsma\u00dfnahmen des Hotels Das Hotel Es Port setzt verschiedene Ma\u00dfnahmen um, um als nachhaltiges und umweltfreundliches Hotel zu operieren, es hat in diesem Sinne das internationale G\u00fctesiegel von GSTC erhalten. Helfen Sie uns und folgen diesem Beispiel, indem Sie diese Hinweise befolgen: Wir m\u00f6chten unsere G\u00e4ste daran erinnern, verantwortungsvoll und sparsam mit Wasser und Energie [&hellip;]","og_url":"https:\/\/hotelesport.com\/directorio\/de\/medioambiente\/","og_site_name":"Hotel Es Port","article_modified_time":"2026-02-26T13:39:17+00:00","og_image":[{"url":"https:\/\/hotelesport.com\/directorio\/wp-content\/uploads\/2022\/05\/medio.jpg","type":"","width":"","height":""}],"twitter_card":"summary_large_image","twitter_misc":{"Gesch\u00e4tzte Lesezeit":"4\u00a0Minuten"},"schema":{"@context":"https:\/\/schema.org","@graph":[{"@type":"WebPage","@id":"https:\/\/hotelesport.com\/directorio\/de\/medioambiente\/","url":"https:\/\/hotelesport.com\/directorio\/de\/medioambiente\/","name":"Medioambiente - Hotel Es Port","isPartOf":{"@id":"https:\/\/hotelesport.com\/directorio\/#website"},"primaryImageOfPage":{"@id":"https:\/\/hotelesport.com\/directorio\/de\/medioambiente\/#primaryimage"},"image":{"@id":"https:\/\/hotelesport.com\/directorio\/de\/medioambiente\/#primaryimage"},"thumbnailUrl":"https:\/\/hotelesport.com\/directorio\/wp-content\/uploads\/2022\/05\/medio.jpg","datePublished":"2022-03-19T15:26:04+00:00","dateModified":"2026-02-26T13:39:17+00:00","breadcrumb":{"@id":"https:\/\/hotelesport.com\/directorio\/de\/medioambiente\/#breadcrumb"},"inLanguage":"de","potentialAction":[{"@type":"ReadAction","target":["https:\/\/hotelesport.com\/directorio\/de\/medioambiente\/"]}]},{"@type":"ImageObject","inLanguage":"de","@id":"https:\/\/hotelesport.com\/directorio\/de\/medioambiente\/#primaryimage","url":"https:\/\/hotelesport.com\/directorio\/wp-content\/uploads\/2022\/05\/medio.jpg","contentUrl":"https:\/\/hotelesport.com\/directorio\/wp-content\/uploads\/2022\/05\/medio.jpg"},{"@type":"BreadcrumbList","@id":"https:\/\/hotelesport.com\/directorio\/de\/medioambiente\/#breadcrumb","itemListElement":[{"@type":"ListItem","position":1,"name":"Portada","item":"https:\/\/hotelesport.com\/directorio\/"},{"@type":"ListItem","position":2,"name":"Medioambiente"}]},{"@type":"WebSite","@id":"https:\/\/hotelesport.com\/directorio\/#website","url":"https:\/\/hotelesport.com\/directorio\/","name":"Hotel Es Port","description":"Directorio","potentialAction":[{"@type":"SearchAction","target":{"@type":"EntryPoint","urlTemplate":"https:\/\/hotelesport.com\/directorio\/?s={search_term_string}"},"query-input":{"@type":"PropertyValueSpecification","valueRequired":true,"valueName":"search_term_string"}}],"inLanguage":"de"}]}},"_links":{"self":[{"href":"https:\/\/hotelesport.com\/directorio\/de\/wp-json\/wp\/v2\/pages\/1655","targetHints":{"allow":["GET"]}}],"collection":[{"href":"https:\/\/hotelesport.com\/directorio\/de\/wp-json\/wp\/v2\/pages"}],"about":[{"href":"https:\/\/hotelesport.com\/directorio\/de\/wp-json\/wp\/v2\/types\/page"}],"author":[{"embeddable":true,"href":"https:\/\/hotelesport.com\/directorio\/de\/wp-json\/wp\/v2\/users\/1"}],"replies":[{"embeddable":true,"href":"https:\/\/hotelesport.com\/directorio\/de\/wp-json\/wp\/v2\/comments?post=1655"}],"version-history":[{"count":30,"href":"https:\/\/hotelesport.com\/directorio\/de\/wp-json\/wp\/v2\/pages\/1655\/revisions"}],"predecessor-version":[{"id":2822,"href":"https:\/\/hotelesport.com\/directorio\/de\/wp-json\/wp\/v2\/pages\/1655\/revisions\/2822"}],"wp:attachment":[{"href":"https:\/\/hotelesport.com\/directorio\/de\/wp-json\/wp\/v2\/media?parent=1655"}],"curies":[{"name":"wp","href":"https:\/\/api.w.org\/{rel}","templated":true}]}}