{"id":1618,"date":"2022-03-19T15:25:17","date_gmt":"2022-03-19T15:25:17","guid":{"rendered":"https:\/\/hotelesport.com\/directorio\/tenis\/"},"modified":"2022-06-06T11:02:04","modified_gmt":"2022-06-06T11:02:04","slug":"tenis","status":"publish","type":"page","link":"https:\/\/hotelesport.com\/directorio\/fr\/tenis\/","title":{"rendered":"Tenis"},"content":{"rendered":"\t\t<div data-elementor-type=\"wp-page\" data-elementor-id=\"1618\" class=\"elementor elementor-1618\">\n\t\t\t\t\t\t<section class=\"elementor-section elementor-top-section elementor-element elementor-element-a86efb6 elementor-section-boxed elementor-section-height-default elementor-section-height-default\" data-id=\"a86efb6\" data-element_type=\"section\" data-settings=\"{&quot;background_background&quot;:&quot;classic&quot;}\">\n\t\t\t\t\t\t<div class=\"elementor-container elementor-column-gap-no\">\n\t\t\t\t\t<div class=\"elementor-column elementor-col-33 elementor-top-column elementor-element elementor-element-cab78e5\" data-id=\"cab78e5\" data-element_type=\"column\">\n\t\t\t<div class=\"elementor-widget-wrap elementor-element-populated\">\n\t\t\t\t\t\t<div class=\"elementor-element elementor-element-d176faf elementor-view-default elementor-widget elementor-widget-icon\" data-id=\"d176faf\" data-element_type=\"widget\" data-widget_type=\"icon.default\">\n\t\t\t\t<div class=\"elementor-widget-container\">\n\t\t\t\t\t\t\t<div class=\"elementor-icon-wrapper\">\n\t\t\t<a class=\"elementor-icon\" href=\"https:\/\/hotelesport.com\/directorio\/fr\/inicio\/\">\n\t\t\t<i aria-hidden=\"true\" class=\"fas fa-arrow-left\"><\/i>\t\t\t<\/a>\n\t\t<\/div>\n\t\t\t\t\t\t<\/div>\n\t\t\t\t<\/div>\n\t\t\t\t\t<\/div>\n\t\t<\/div>\n\t\t\t\t<div class=\"elementor-column elementor-col-33 elementor-top-column elementor-element elementor-element-317af62\" data-id=\"317af62\" data-element_type=\"column\">\n\t\t\t<div class=\"elementor-widget-wrap elementor-element-populated\">\n\t\t\t\t\t\t<div class=\"elementor-element elementor-element-81e46ee elementor-widget elementor-widget-spacer\" data-id=\"81e46ee\" data-element_type=\"widget\" data-widget_type=\"spacer.default\">\n\t\t\t\t<div class=\"elementor-widget-container\">\n\t\t\t\t\t\t\t<div class=\"elementor-spacer\">\n\t\t\t<div class=\"elementor-spacer-inner\"><\/div>\n\t\t<\/div>\n\t\t\t\t\t\t<\/div>\n\t\t\t\t<\/div>\n\t\t\t\t<div class=\"elementor-element elementor-element-7463a98 elementor-widget elementor-widget-heading\" data-id=\"7463a98\" data-element_type=\"widget\" data-widget_type=\"heading.default\">\n\t\t\t\t<div class=\"elementor-widget-container\">\n\t\t\t\t\t<h1 class=\"elementor-heading-title elementor-size-default\">TENNIS<\/h1>\t\t\t\t<\/div>\n\t\t\t\t<\/div>\n\t\t\t\t<div class=\"elementor-element elementor-element-70f20b0 elementor-widget elementor-widget-spacer\" data-id=\"70f20b0\" data-element_type=\"widget\" data-widget_type=\"spacer.default\">\n\t\t\t\t<div class=\"elementor-widget-container\">\n\t\t\t\t\t\t\t<div class=\"elementor-spacer\">\n\t\t\t<div class=\"elementor-spacer-inner\"><\/div>\n\t\t<\/div>\n\t\t\t\t\t\t<\/div>\n\t\t\t\t<\/div>\n\t\t\t\t\t<\/div>\n\t\t<\/div>\n\t\t\t\t<div class=\"elementor-column elementor-col-33 elementor-top-column elementor-element elementor-element-a0400f2\" data-id=\"a0400f2\" data-element_type=\"column\">\n\t\t\t<div class=\"elementor-widget-wrap\">\n\t\t\t\t\t\t\t<\/div>\n\t\t<\/div>\n\t\t\t\t\t<\/div>\n\t\t<\/section>\n\t\t\t\t<section class=\"elementor-section elementor-top-section elementor-element elementor-element-475e9f9 elementor-section-boxed elementor-section-height-default elementor-section-height-default\" data-id=\"475e9f9\" data-element_type=\"section\" data-settings=\"{&quot;background_background&quot;:&quot;classic&quot;}\">\n\t\t\t\t\t\t<div class=\"elementor-container elementor-column-gap-no\">\n\t\t\t\t\t<div class=\"elementor-column elementor-col-100 elementor-top-column elementor-element elementor-element-5d916ab\" data-id=\"5d916ab\" data-element_type=\"column\">\n\t\t\t<div class=\"elementor-widget-wrap elementor-element-populated\">\n\t\t\t\t\t\t<div class=\"elementor-element elementor-element-ea7b59e elementor-arrows-position-inside elementor-widget elementor-widget-image-carousel\" data-id=\"ea7b59e\" data-element_type=\"widget\" data-settings=\"{&quot;slides_to_show&quot;:&quot;1&quot;,&quot;navigation&quot;:&quot;arrows&quot;,&quot;autoplay&quot;:&quot;yes&quot;,&quot;pause_on_hover&quot;:&quot;yes&quot;,&quot;pause_on_interaction&quot;:&quot;yes&quot;,&quot;autoplay_speed&quot;:5000,&quot;infinite&quot;:&quot;yes&quot;,&quot;effect&quot;:&quot;slide&quot;,&quot;speed&quot;:500}\" data-widget_type=\"image-carousel.default\">\n\t\t\t\t<div class=\"elementor-widget-container\">\n\t\t\t\t\t\t\t<div class=\"elementor-image-carousel-wrapper swiper\" role=\"region\" aria-roledescription=\"carousel\" aria-label=\"Carrousel d\u2019images\" dir=\"ltr\">\n\t\t\t<div class=\"elementor-image-carousel swiper-wrapper\" aria-live=\"off\">\n\t\t\t\t\t\t\t\t<div class=\"swiper-slide\" role=\"group\" aria-roledescription=\"slide\" aria-label=\"1 sur 5\"><figure class=\"swiper-slide-inner\"><img decoding=\"async\" class=\"swiper-slide-image\" src=\"https:\/\/hotelesport.com\/directorio\/wp-content\/uploads\/2022\/03\/tenis-04.jpg\" alt=\"tenis-04\" \/><\/figure><\/div><div class=\"swiper-slide\" role=\"group\" aria-roledescription=\"slide\" aria-label=\"2 sur 5\"><figure class=\"swiper-slide-inner\"><img decoding=\"async\" class=\"swiper-slide-image\" src=\"https:\/\/hotelesport.com\/directorio\/wp-content\/uploads\/2022\/03\/tenis-02.jpg\" alt=\"tenis-02\" \/><\/figure><\/div><div class=\"swiper-slide\" role=\"group\" aria-roledescription=\"slide\" aria-label=\"3 sur 5\"><figure class=\"swiper-slide-inner\"><img decoding=\"async\" class=\"swiper-slide-image\" src=\"https:\/\/hotelesport.com\/directorio\/wp-content\/uploads\/2022\/03\/tenis-01.jpg\" alt=\"tenis-01\" \/><\/figure><\/div><div class=\"swiper-slide\" role=\"group\" aria-roledescription=\"slide\" aria-label=\"4 sur 5\"><figure class=\"swiper-slide-inner\"><img decoding=\"async\" class=\"swiper-slide-image\" src=\"https:\/\/hotelesport.com\/directorio\/wp-content\/uploads\/2022\/03\/tenis-03.jpg\" alt=\"tenis-03\" \/><\/figure><\/div><div class=\"swiper-slide\" role=\"group\" aria-roledescription=\"slide\" aria-label=\"5 sur 5\"><figure class=\"swiper-slide-inner\"><img decoding=\"async\" class=\"swiper-slide-image\" src=\"https:\/\/hotelesport.com\/directorio\/wp-content\/uploads\/2022\/03\/tenis-05.jpg\" alt=\"tenis-05\" \/><\/figure><\/div>\t\t\t<\/div>\n\t\t\t\t\t\t\t\t\t\t\t\t<div class=\"elementor-swiper-button elementor-swiper-button-prev\" role=\"button\" tabindex=\"0\">\n\t\t\t\t\t\t<i aria-hidden=\"true\" class=\"eicon-chevron-left\"><\/i>\t\t\t\t\t<\/div>\n\t\t\t\t\t<div class=\"elementor-swiper-button elementor-swiper-button-next\" role=\"button\" tabindex=\"0\">\n\t\t\t\t\t\t<i aria-hidden=\"true\" class=\"eicon-chevron-right\"><\/i>\t\t\t\t\t<\/div>\n\t\t\t\t\n\t\t\t\t\t\t\t\t\t<\/div>\n\t\t\t\t\t\t<\/div>\n\t\t\t\t<\/div>\n\t\t\t\t\t<\/div>\n\t\t<\/div>\n\t\t\t\t\t<\/div>\n\t\t<\/section>\n\t\t\t\t<section class=\"elementor-section elementor-top-section elementor-element elementor-element-e9510c3 elementor-section-boxed elementor-section-height-default elementor-section-height-default\" data-id=\"e9510c3\" data-element_type=\"section\" data-settings=\"{&quot;background_background&quot;:&quot;classic&quot;}\">\n\t\t\t\t\t\t<div class=\"elementor-container elementor-column-gap-no\">\n\t\t\t\t\t<div class=\"elementor-column elementor-col-100 elementor-top-column elementor-element elementor-element-175848a\" data-id=\"175848a\" data-element_type=\"column\">\n\t\t\t<div class=\"elementor-widget-wrap elementor-element-populated\">\n\t\t\t\t\t\t<div class=\"elementor-element elementor-element-160dc64 elementor-widget elementor-widget-text-editor\" data-id=\"160dc64\" data-element_type=\"widget\" data-widget_type=\"text-editor.default\">\n\t\t\t\t<div class=\"elementor-widget-container\">\n\t\t\t\t\t\t\t\t\t<p>Les amateurs de tennis disposent de 3 courts, un court rapide et deux courts en terre battue (avec suppl\u00e9ment) pour pratiquer ce sport. De plus, nous offrons gratuitement des raquettes et des balles aux clients s\u00e9journant dans notre h\u00f4tel.<\/p><p><strong>R\u00e9servation \u00e0 la r\u00e9ception<\/strong><\/p><p><strong>Prix:<\/strong><\/p><ul><li>Pistes 1 et 2 (terre battue) 16\u20ac\/heure.<\/li><li>Piste 3 (dur) 14\u20ac\/ heure<\/li><\/ul>\t\t\t\t\t\t\t\t<\/div>\n\t\t\t\t<\/div>\n\t\t\t\t<div class=\"elementor-element elementor-element-17504e8 elementor-widget elementor-widget-spacer\" data-id=\"17504e8\" data-element_type=\"widget\" data-widget_type=\"spacer.default\">\n\t\t\t\t<div class=\"elementor-widget-container\">\n\t\t\t\t\t\t\t<div class=\"elementor-spacer\">\n\t\t\t<div class=\"elementor-spacer-inner\"><\/div>\n\t\t<\/div>\n\t\t\t\t\t\t<\/div>\n\t\t\t\t<\/div>\n\t\t\t\t\t<\/div>\n\t\t<\/div>\n\t\t\t\t\t<\/div>\n\t\t<\/section>\n\t\t\t\t<section class=\"elementor-section elementor-top-section elementor-element elementor-element-7d9e212 elementor-section-boxed elementor-section-height-default elementor-section-height-default\" data-id=\"7d9e212\" data-element_type=\"section\" data-settings=\"{&quot;background_background&quot;:&quot;classic&quot;}\">\n\t\t\t\t\t\t<div class=\"elementor-container elementor-column-gap-no\">\n\t\t\t\t\t<div class=\"elementor-column elementor-col-100 elementor-top-column elementor-element elementor-element-19c0915\" data-id=\"19c0915\" data-element_type=\"column\">\n\t\t\t<div class=\"elementor-widget-wrap elementor-element-populated\">\n\t\t\t\t\t\t<div class=\"elementor-element elementor-element-18908e0 elementor-align-center elementor-widget__width-auto elementor-widget elementor-widget-button\" data-id=\"18908e0\" data-element_type=\"widget\" data-widget_type=\"button.default\">\n\t\t\t\t<div class=\"elementor-widget-container\">\n\t\t\t\t\t\t\t\t\t<div class=\"elementor-button-wrapper\">\n\t\t\t\t\t<a class=\"elementor-button elementor-button-link elementor-size-sm\" href=\"tel:+34%20971%20631%20650\" target=\"_blank\">\n\t\t\t\t\t\t<span class=\"elementor-button-content-wrapper\">\n\t\t\t\t\t\t<span class=\"elementor-button-icon\">\n\t\t\t\t<i aria-hidden=\"true\" class=\"fas fa-phone-alt\"><\/i>\t\t\t<\/span>\n\t\t\t\t\t\t\t\t\t<span class=\"elementor-button-text\">r\u00e9ception<\/span>\n\t\t\t\t\t<\/span>\n\t\t\t\t\t<\/a>\n\t\t\t\t<\/div>\n\t\t\t\t\t\t\t\t<\/div>\n\t\t\t\t<\/div>\n\t\t\t\t\t<\/div>\n\t\t<\/div>\n\t\t\t\t\t<\/div>\n\t\t<\/section>\n\t\t\t\t<section class=\"elementor-section elementor-top-section elementor-element elementor-element-00ebd8c elementor-section-boxed elementor-section-height-default elementor-section-height-default\" data-id=\"00ebd8c\" data-element_type=\"section\">\n\t\t\t\t\t\t<div class=\"elementor-container elementor-column-gap-default\">\n\t\t\t\t\t<div class=\"elementor-column elementor-col-100 elementor-top-column elementor-element elementor-element-8e56767\" data-id=\"8e56767\" data-element_type=\"column\">\n\t\t\t<div class=\"elementor-widget-wrap elementor-element-populated\">\n\t\t\t\t\t\t<div class=\"elementor-element elementor-element-ed25c41 elementor-widget elementor-widget-spacer\" data-id=\"ed25c41\" data-element_type=\"widget\" data-widget_type=\"spacer.default\">\n\t\t\t\t<div class=\"elementor-widget-container\">\n\t\t\t\t\t\t\t<div class=\"elementor-spacer\">\n\t\t\t<div class=\"elementor-spacer-inner\"><\/div>\n\t\t<\/div>\n\t\t\t\t\t\t<\/div>\n\t\t\t\t<\/div>\n\t\t\t\t\t<\/div>\n\t\t<\/div>\n\t\t\t\t\t<\/div>\n\t\t<\/section>\n\t\t\t\t<\/div>\n\t\t","protected":false},"excerpt":{"rendered":"<p>TENNIS Anterior Siguiente Les amateurs de tennis disposent de 3 courts, un court rapide et deux courts en terre battue (avec suppl\u00e9ment) pour pratiquer ce sport. De plus, nous offrons gratuitement des raquettes et des balles aux clients s\u00e9journant dans notre h\u00f4tel. R\u00e9servation \u00e0 la r\u00e9ception Prix: Pistes 1 et 2 (terre battue) 16\u20ac\/heure. Piste [&hellip;]<\/p>\n","protected":false},"author":1,"featured_media":0,"parent":0,"menu_order":0,"comment_status":"closed","ping_status":"closed","template":"page-limpia.php","meta":{"inline_featured_image":false,"footnotes":""},"class_list":["post-1618","page","type-page","status-publish","hentry"],"yoast_head":"<!-- This site is optimized with the Yoast SEO plugin v25.4 - https:\/\/yoast.com\/wordpress\/plugins\/seo\/ -->\n<title>Tenis - Hotel Es Port<\/title>\n<meta name=\"robots\" content=\"noindex, follow, max-snippet:-1, max-image-preview:large, max-video-preview:-1\" \/>\n<meta property=\"og:locale\" content=\"fr_FR\" \/>\n<meta property=\"og:type\" content=\"article\" \/>\n<meta property=\"og:title\" content=\"Tenis - Hotel Es Port\" \/>\n<meta property=\"og:description\" content=\"TENNIS Anterior Siguiente Les amateurs de tennis disposent de 3 courts, un court rapide et deux courts en terre battue (avec suppl\u00e9ment) pour pratiquer ce sport. De plus, nous offrons gratuitement des raquettes et des balles aux clients s\u00e9journant dans notre h\u00f4tel. R\u00e9servation \u00e0 la r\u00e9ception Prix: Pistes 1 et 2 (terre battue) 16\u20ac\/heure. Piste [&hellip;]\" \/>\n<meta property=\"og:url\" content=\"https:\/\/hotelesport.com\/directorio\/tenis\/\" \/>\n<meta property=\"og:site_name\" content=\"Hotel Es Port\" \/>\n<meta property=\"article:modified_time\" content=\"2022-06-06T11:02:04+00:00\" \/>\n<meta property=\"og:image\" content=\"https:\/\/hotelesport.com\/directorio\/wp-content\/uploads\/2022\/03\/tenis-04.jpg\" \/>\n<meta name=\"twitter:card\" content=\"summary_large_image\" \/>\n<script type=\"application\/ld+json\" class=\"yoast-schema-graph\">{\"@context\":\"https:\/\/schema.org\",\"@graph\":[{\"@type\":\"WebPage\",\"@id\":\"https:\/\/hotelesport.com\/directorio\/tenis\/\",\"url\":\"https:\/\/hotelesport.com\/directorio\/tenis\/\",\"name\":\"Tenis - Hotel Es Port\",\"isPartOf\":{\"@id\":\"https:\/\/hotelesport.com\/directorio\/#website\"},\"primaryImageOfPage\":{\"@id\":\"https:\/\/hotelesport.com\/directorio\/tenis\/#primaryimage\"},\"image\":{\"@id\":\"https:\/\/hotelesport.com\/directorio\/tenis\/#primaryimage\"},\"thumbnailUrl\":\"https:\/\/hotelesport.com\/directorio\/wp-content\/uploads\/2022\/03\/tenis-04.jpg\",\"datePublished\":\"2022-03-19T15:25:17+00:00\",\"dateModified\":\"2022-06-06T11:02:04+00:00\",\"breadcrumb\":{\"@id\":\"https:\/\/hotelesport.com\/directorio\/tenis\/#breadcrumb\"},\"inLanguage\":\"fr-FR\",\"potentialAction\":[{\"@type\":\"ReadAction\",\"target\":[\"https:\/\/hotelesport.com\/directorio\/tenis\/\"]}]},{\"@type\":\"ImageObject\",\"inLanguage\":\"fr-FR\",\"@id\":\"https:\/\/hotelesport.com\/directorio\/tenis\/#primaryimage\",\"url\":\"https:\/\/hotelesport.com\/directorio\/wp-content\/uploads\/2022\/03\/tenis-04.jpg\",\"contentUrl\":\"https:\/\/hotelesport.com\/directorio\/wp-content\/uploads\/2022\/03\/tenis-04.jpg\"},{\"@type\":\"BreadcrumbList\",\"@id\":\"https:\/\/hotelesport.com\/directorio\/tenis\/#breadcrumb\",\"itemListElement\":[{\"@type\":\"ListItem\",\"position\":1,\"name\":\"Portada\",\"item\":\"https:\/\/hotelesport.com\/directorio\/\"},{\"@type\":\"ListItem\",\"position\":2,\"name\":\"Tenis\"}]},{\"@type\":\"WebSite\",\"@id\":\"https:\/\/hotelesport.com\/directorio\/#website\",\"url\":\"https:\/\/hotelesport.com\/directorio\/\",\"name\":\"Hotel Es Port\",\"description\":\"Directorio\",\"potentialAction\":[{\"@type\":\"SearchAction\",\"target\":{\"@type\":\"EntryPoint\",\"urlTemplate\":\"https:\/\/hotelesport.com\/directorio\/?s={search_term_string}\"},\"query-input\":{\"@type\":\"PropertyValueSpecification\",\"valueRequired\":true,\"valueName\":\"search_term_string\"}}],\"inLanguage\":\"fr-FR\"}]}<\/script>\n<!-- \/ Yoast SEO plugin. -->","yoast_head_json":{"title":"Tenis - Hotel Es Port","robots":{"index":"noindex","follow":"follow","max-snippet":"max-snippet:-1","max-image-preview":"max-image-preview:large","max-video-preview":"max-video-preview:-1"},"og_locale":"fr_FR","og_type":"article","og_title":"Tenis - Hotel Es Port","og_description":"TENNIS Anterior Siguiente Les amateurs de tennis disposent de 3 courts, un court rapide et deux courts en terre battue (avec suppl\u00e9ment) pour pratiquer ce sport. De plus, nous offrons gratuitement des raquettes et des balles aux clients s\u00e9journant dans notre h\u00f4tel. R\u00e9servation \u00e0 la r\u00e9ception Prix: Pistes 1 et 2 (terre battue) 16\u20ac\/heure. Piste [&hellip;]","og_url":"https:\/\/hotelesport.com\/directorio\/tenis\/","og_site_name":"Hotel Es Port","article_modified_time":"2022-06-06T11:02:04+00:00","og_image":[{"url":"https:\/\/hotelesport.com\/directorio\/wp-content\/uploads\/2022\/03\/tenis-04.jpg","type":"","width":"","height":""}],"twitter_card":"summary_large_image","schema":{"@context":"https:\/\/schema.org","@graph":[{"@type":"WebPage","@id":"https:\/\/hotelesport.com\/directorio\/tenis\/","url":"https:\/\/hotelesport.com\/directorio\/tenis\/","name":"Tenis - Hotel Es Port","isPartOf":{"@id":"https:\/\/hotelesport.com\/directorio\/#website"},"primaryImageOfPage":{"@id":"https:\/\/hotelesport.com\/directorio\/tenis\/#primaryimage"},"image":{"@id":"https:\/\/hotelesport.com\/directorio\/tenis\/#primaryimage"},"thumbnailUrl":"https:\/\/hotelesport.com\/directorio\/wp-content\/uploads\/2022\/03\/tenis-04.jpg","datePublished":"2022-03-19T15:25:17+00:00","dateModified":"2022-06-06T11:02:04+00:00","breadcrumb":{"@id":"https:\/\/hotelesport.com\/directorio\/tenis\/#breadcrumb"},"inLanguage":"fr-FR","potentialAction":[{"@type":"ReadAction","target":["https:\/\/hotelesport.com\/directorio\/tenis\/"]}]},{"@type":"ImageObject","inLanguage":"fr-FR","@id":"https:\/\/hotelesport.com\/directorio\/tenis\/#primaryimage","url":"https:\/\/hotelesport.com\/directorio\/wp-content\/uploads\/2022\/03\/tenis-04.jpg","contentUrl":"https:\/\/hotelesport.com\/directorio\/wp-content\/uploads\/2022\/03\/tenis-04.jpg"},{"@type":"BreadcrumbList","@id":"https:\/\/hotelesport.com\/directorio\/tenis\/#breadcrumb","itemListElement":[{"@type":"ListItem","position":1,"name":"Portada","item":"https:\/\/hotelesport.com\/directorio\/"},{"@type":"ListItem","position":2,"name":"Tenis"}]},{"@type":"WebSite","@id":"https:\/\/hotelesport.com\/directorio\/#website","url":"https:\/\/hotelesport.com\/directorio\/","name":"Hotel Es Port","description":"Directorio","potentialAction":[{"@type":"SearchAction","target":{"@type":"EntryPoint","urlTemplate":"https:\/\/hotelesport.com\/directorio\/?s={search_term_string}"},"query-input":{"@type":"PropertyValueSpecification","valueRequired":true,"valueName":"search_term_string"}}],"inLanguage":"fr-FR"}]}},"_links":{"self":[{"href":"https:\/\/hotelesport.com\/directorio\/fr\/wp-json\/wp\/v2\/pages\/1618","targetHints":{"allow":["GET"]}}],"collection":[{"href":"https:\/\/hotelesport.com\/directorio\/fr\/wp-json\/wp\/v2\/pages"}],"about":[{"href":"https:\/\/hotelesport.com\/directorio\/fr\/wp-json\/wp\/v2\/types\/page"}],"author":[{"embeddable":true,"href":"https:\/\/hotelesport.com\/directorio\/fr\/wp-json\/wp\/v2\/users\/1"}],"replies":[{"embeddable":true,"href":"https:\/\/hotelesport.com\/directorio\/fr\/wp-json\/wp\/v2\/comments?post=1618"}],"version-history":[{"count":3,"href":"https:\/\/hotelesport.com\/directorio\/fr\/wp-json\/wp\/v2\/pages\/1618\/revisions"}],"predecessor-version":[{"id":1876,"href":"https:\/\/hotelesport.com\/directorio\/fr\/wp-json\/wp\/v2\/pages\/1618\/revisions\/1876"}],"wp:attachment":[{"href":"https:\/\/hotelesport.com\/directorio\/fr\/wp-json\/wp\/v2\/media?parent=1618"}],"curies":[{"name":"wp","href":"https:\/\/api.w.org\/{rel}","templated":true}]}}