{"id":1654,"date":"2022-03-19T15:26:04","date_gmt":"2022-03-19T15:26:04","guid":{"rendered":"https:\/\/hotelesport.com\/directorio\/medioambiente\/"},"modified":"2026-02-26T13:40:05","modified_gmt":"2026-02-26T13:40:05","slug":"medioambiente","status":"publish","type":"page","link":"https:\/\/hotelesport.com\/directorio\/fr\/medioambiente\/","title":{"rendered":"Medioambiente"},"content":{"rendered":"\t\t<div data-elementor-type=\"wp-page\" data-elementor-id=\"1654\" class=\"elementor elementor-1654\">\n\t\t\t\t\t\t<section class=\"elementor-section elementor-top-section elementor-element elementor-element-a86efb6 elementor-section-boxed elementor-section-height-default elementor-section-height-default\" data-id=\"a86efb6\" data-element_type=\"section\" data-settings=\"{&quot;background_background&quot;:&quot;classic&quot;}\">\n\t\t\t\t\t\t<div class=\"elementor-container elementor-column-gap-no\">\n\t\t\t\t\t<div class=\"elementor-column elementor-col-33 elementor-top-column elementor-element elementor-element-cab78e5\" data-id=\"cab78e5\" data-element_type=\"column\">\n\t\t\t<div class=\"elementor-widget-wrap elementor-element-populated\">\n\t\t\t\t\t\t<div class=\"elementor-element elementor-element-d176faf elementor-view-default elementor-widget elementor-widget-icon\" data-id=\"d176faf\" data-element_type=\"widget\" data-widget_type=\"icon.default\">\n\t\t\t\t<div class=\"elementor-widget-container\">\n\t\t\t\t\t\t\t<div class=\"elementor-icon-wrapper\">\n\t\t\t<a class=\"elementor-icon\" href=\"https:\/\/hotelesport.com\/directorio\/fr\/inicio\/\">\n\t\t\t<i aria-hidden=\"true\" class=\"fas fa-arrow-left\"><\/i>\t\t\t<\/a>\n\t\t<\/div>\n\t\t\t\t\t\t<\/div>\n\t\t\t\t<\/div>\n\t\t\t\t\t<\/div>\n\t\t<\/div>\n\t\t\t\t<div class=\"elementor-column elementor-col-33 elementor-top-column elementor-element elementor-element-317af62\" data-id=\"317af62\" data-element_type=\"column\">\n\t\t\t<div class=\"elementor-widget-wrap elementor-element-populated\">\n\t\t\t\t\t\t<div class=\"elementor-element elementor-element-81e46ee elementor-widget elementor-widget-spacer\" data-id=\"81e46ee\" data-element_type=\"widget\" data-widget_type=\"spacer.default\">\n\t\t\t\t<div class=\"elementor-widget-container\">\n\t\t\t\t\t\t\t<div class=\"elementor-spacer\">\n\t\t\t<div class=\"elementor-spacer-inner\"><\/div>\n\t\t<\/div>\n\t\t\t\t\t\t<\/div>\n\t\t\t\t<\/div>\n\t\t\t\t<div class=\"elementor-element elementor-element-7463a98 elementor-widget elementor-widget-heading\" data-id=\"7463a98\" data-element_type=\"widget\" data-widget_type=\"heading.default\">\n\t\t\t\t<div class=\"elementor-widget-container\">\n\t\t\t\t\t<h1 class=\"elementor-heading-title elementor-size-default\">mesures de durabilit\u00e9 mises en \u0153uvre par l'H\u00f4tel<\/h1>\t\t\t\t<\/div>\n\t\t\t\t<\/div>\n\t\t\t\t<div class=\"elementor-element elementor-element-70f20b0 elementor-widget elementor-widget-spacer\" data-id=\"70f20b0\" data-element_type=\"widget\" data-widget_type=\"spacer.default\">\n\t\t\t\t<div class=\"elementor-widget-container\">\n\t\t\t\t\t\t\t<div class=\"elementor-spacer\">\n\t\t\t<div class=\"elementor-spacer-inner\"><\/div>\n\t\t<\/div>\n\t\t\t\t\t\t<\/div>\n\t\t\t\t<\/div>\n\t\t\t\t\t<\/div>\n\t\t<\/div>\n\t\t\t\t<div class=\"elementor-column elementor-col-33 elementor-top-column elementor-element elementor-element-a0400f2\" data-id=\"a0400f2\" data-element_type=\"column\">\n\t\t\t<div class=\"elementor-widget-wrap\">\n\t\t\t\t\t\t\t<\/div>\n\t\t<\/div>\n\t\t\t\t\t<\/div>\n\t\t<\/section>\n\t\t\t\t<section class=\"elementor-section elementor-top-section elementor-element elementor-element-475e9f9 elementor-section-boxed elementor-section-height-default elementor-section-height-default\" data-id=\"475e9f9\" data-element_type=\"section\" data-settings=\"{&quot;background_background&quot;:&quot;classic&quot;}\">\n\t\t\t\t\t\t<div class=\"elementor-container elementor-column-gap-no\">\n\t\t\t\t\t<div class=\"elementor-column elementor-col-100 elementor-top-column elementor-element elementor-element-5d916ab\" data-id=\"5d916ab\" data-element_type=\"column\">\n\t\t\t<div class=\"elementor-widget-wrap elementor-element-populated\">\n\t\t\t\t\t\t<div class=\"elementor-element elementor-element-ea7b59e elementor-arrows-position-inside elementor-widget elementor-widget-image-carousel\" data-id=\"ea7b59e\" data-element_type=\"widget\" data-settings=\"{&quot;slides_to_show&quot;:&quot;1&quot;,&quot;navigation&quot;:&quot;arrows&quot;,&quot;autoplay&quot;:&quot;yes&quot;,&quot;pause_on_hover&quot;:&quot;yes&quot;,&quot;pause_on_interaction&quot;:&quot;yes&quot;,&quot;autoplay_speed&quot;:5000,&quot;infinite&quot;:&quot;yes&quot;,&quot;effect&quot;:&quot;slide&quot;,&quot;speed&quot;:500}\" data-widget_type=\"image-carousel.default\">\n\t\t\t\t<div class=\"elementor-widget-container\">\n\t\t\t\t\t\t\t<div class=\"elementor-image-carousel-wrapper swiper\" role=\"region\" aria-roledescription=\"carousel\" aria-label=\"Carrusel de im\u00e1genes\" dir=\"ltr\">\n\t\t\t<div class=\"elementor-image-carousel swiper-wrapper\" aria-live=\"off\">\n\t\t\t\t\t\t\t\t<div class=\"swiper-slide\" role=\"group\" aria-roledescription=\"slide\" aria-label=\"1 sur 1\"><figure class=\"swiper-slide-inner\"><img decoding=\"async\" class=\"swiper-slide-image\" src=\"https:\/\/hotelesport.com\/directorio\/wp-content\/uploads\/2022\/05\/medio.jpg\" alt=\"medio\" \/><\/figure><\/div>\t\t\t<\/div>\n\t\t\t\t\t<\/div>\n\t\t\t\t\t\t<\/div>\n\t\t\t\t<\/div>\n\t\t\t\t\t<\/div>\n\t\t<\/div>\n\t\t\t\t\t<\/div>\n\t\t<\/section>\n\t\t\t\t<section class=\"elementor-section elementor-top-section elementor-element elementor-element-e9510c3 elementor-section-boxed elementor-section-height-default elementor-section-height-default\" data-id=\"e9510c3\" data-element_type=\"section\" data-settings=\"{&quot;background_background&quot;:&quot;classic&quot;}\">\n\t\t\t\t\t\t<div class=\"elementor-container elementor-column-gap-no\">\n\t\t\t\t\t<div class=\"elementor-column elementor-col-100 elementor-top-column elementor-element elementor-element-175848a\" data-id=\"175848a\" data-element_type=\"column\">\n\t\t\t<div class=\"elementor-widget-wrap elementor-element-populated\">\n\t\t\t\t\t\t<div class=\"elementor-element elementor-element-160dc64 elementor-widget elementor-widget-text-editor\" data-id=\"160dc64\" data-element_type=\"widget\" data-widget_type=\"text-editor.default\">\n\t\t\t\t<div class=\"elementor-widget-container\">\n\t\t\t\t\t\t\t\t\t<p>L\u2019H\u00f4tel Es Port a mis en \u0153uvre diff\u00e9rentes mesures pour devenir un <strong>h\u00f4tel durable et respectueux de l&rsquo;environnement<\/strong> et a re\u00e7u le label international GSTC. Aidez-nous \u00e0 faire de m\u00eame en suivant ces directives :<\/p>\t\t\t\t\t\t\t\t<\/div>\n\t\t\t\t<\/div>\n\t\t\t\t<div class=\"elementor-element elementor-element-0c9d1eb elementor-widget elementor-widget-text-editor\" data-id=\"0c9d1eb\" data-element_type=\"widget\" data-widget_type=\"text-editor.default\">\n\t\t\t\t<div class=\"elementor-widget-container\">\n\t\t\t\t\t\t\t\t\t<ul><li><p><strong>Nous rappelons \u00e0 nos clients d&rsquo;utiliser l&rsquo;eau et l&rsquo;\u00e9nergie de mani\u00e8re responsable.<\/strong><\/p><\/li><li><p><strong>Changement de serviettes dans la salle de bains :<\/strong> veuillez d\u00e9poser les serviettes sur le sol de la salle de bains si vous souhaitez les changer.<\/p><\/li><li><p><strong>Les fen\u00eatres sont \u00e9quip\u00e9es d&rsquo;un d\u00e9tecteur automatique<\/strong>. Si la fen\u00eatre est ouverte, la climatisation\/le chauffage s&rsquo;arr\u00eate.<\/p><\/li><li><p><strong>Recyclage<\/strong>: veuillez jeter tous les d\u00e9chets dans la poubelle de la salle de bains et le plastique, le carton et le verre dans la poubelle de la chambre. Notre personnel de nettoyage se chargera de recycler ces mat\u00e9riaux.<\/p><\/li><li><p><strong>Nous r\u00e9duisons au minimum l&rsquo;utilisation du plastique\u00a0: <\/strong>nous avons donc remplac\u00e9 nos produits d&rsquo;accueil par des distributeurs r\u00e9utilisables fabriqu\u00e9s \u00e0 partir de mat\u00e9riaux recycl\u00e9s et s\u00e9lectionn\u00e9 des cosm\u00e9tiques naturels de haute qualit\u00e9.\u00a0 Ces distributeurs appartiennent \u00e0 l&rsquo;h\u00f4tel. Si vous souhaitez acheter ce produit, il est disponible \u00e0 la vente \u00e0 la r\u00e9ception.<\/p><\/li><li><p>L&rsquo;h\u00f4tel dispose de <strong>panneaux solaires <\/strong>pour minimiser l&rsquo;utilisation de l&rsquo;\u00e9lectricit\u00e9.<\/p><\/li><li><p>L&rsquo;h\u00f4tel dispose d&rsquo;un <strong>syst\u00e8me de r\u00e9cup\u00e9ration des eaux grises<\/strong>, purifi\u00e9es et r\u00e9utilis\u00e9es pour irriguer les jardins et le potager biologique, ainsi que de la collecte des eaux de pluie et des eaux provenant de sources naturelles dans le m\u00eame but.<\/p><\/li><li><p>L&rsquo;h\u00f4tel dispose d\u2019une <strong>grande superficie d&rsquo;oliviers<\/strong>. Les oliviers sont soign\u00e9s et entretenus selon des m\u00e9thodes traditionnelles et biologiques. Les olives sont r\u00e9colt\u00e9es pour produire de l\u2019<strong>huile d&rsquo;olive vierge<\/strong> qui est utilis\u00e9e dans les bars et les restaurants de l&rsquo;h\u00f4tel. Les clients peuvent visiter cette oliveraie s&rsquo;ils le souhaitent.<\/p><\/li><li><p>Il poss\u00e8de \u00e9galement un <strong>verger d&rsquo;orangers, de citronniers et d&rsquo;avocatiers <\/strong>et des l\u00e9gumes de saison pour les restaurants de l&rsquo;h\u00f4tel.<\/p><\/li><li><p>Nous fabriquons notre <strong>propre compost<\/strong> \u00e0 partir des exc\u00e9dents organiques et l&rsquo;utilisons comme terreau dans notre verger et notre oliveraie.<\/p><\/li><li><p>Dans la mesure du possible, chaque semaine, une visite guid\u00e9e des installations de l&rsquo;h\u00f4tel est organis\u00e9e, expliquant l&rsquo;histoire et le processus de <strong>durabilit\u00e9 <\/strong>mis en \u0153uvre.<\/p><\/li><li><p>Vous \u00eates au c\u0153ur de la <strong>Sierra de Tramuntana<\/strong>, d\u00e9clar\u00e9e <strong>patrimoine mondial de l&rsquo;UNESCO<\/strong> en 2011. La r\u00e9ception dispose d&rsquo;informations sur les sites d\u2019int\u00e9r\u00eat culturel et naturel se trouvant dans les environs, ainsi que des lieux permettant d&rsquo;interpr\u00e9ter le paysage et la culture locale. Des visites guid\u00e9es sont disponibles. Veuillez respecter l&rsquo;environnement naturel et le paysage et laissez-le tel que vous l&rsquo;avez trouv\u00e9, sans d\u00e9chets et dans son \u00e9tat d&rsquo;origine.<\/p><\/li><li><p>Nous vous rappelons que par respect pour la religion et la culture locale, il est d\u00e9conseill\u00e9 d\u2019entrer dans les lieux de culte avec un maillot de bain, un d\u00e9bardeur et un chapeau\/une casquette.<\/p><\/li><li><p>La localit\u00e9 de s\u00f3ller et l&rsquo;\u00eele en g\u00e9n\u00e9ral ont des f\u00eates traditionnelles &#8211; religieuses, comme No\u00ebl (25 d\u00e9cembre), carnaval (f\u00e9vrier), P\u00e2ques (varie entre mars et avril), la foire annuelle (deuxi\u00e8me dimanche de mai) qui comprend un simulacre de bataille entre les habitants et les Maures datant de 1561 (es fir\u00f3), les f\u00eates patronales du port (sant pere 29 juin ) et de s\u00f3ller ( sant bartomeu 24 ao\u00fbt ) et les f\u00eates populaires de sant antoni, le 17 janvier, o\u00f9 l&rsquo;on allume des feux de joie et o\u00f9 l&rsquo;on fait griller sur les braises de la charcuterie typique de l&rsquo;\u00eele. Chacune de ces f\u00eates est associ\u00e9e \u00e0 des repas et des \u00e9v\u00e9nements typiques.<\/p><\/li><\/ul>\t\t\t\t\t\t\t\t<\/div>\n\t\t\t\t<\/div>\n\t\t\t\t<div class=\"elementor-element elementor-element-17504e8 elementor-widget elementor-widget-spacer\" data-id=\"17504e8\" data-element_type=\"widget\" data-widget_type=\"spacer.default\">\n\t\t\t\t<div class=\"elementor-widget-container\">\n\t\t\t\t\t\t\t<div class=\"elementor-spacer\">\n\t\t\t<div class=\"elementor-spacer-inner\"><\/div>\n\t\t<\/div>\n\t\t\t\t\t\t<\/div>\n\t\t\t\t<\/div>\n\t\t\t\t<div class=\"elementor-element elementor-element-aa12873 elementor-widget elementor-widget-image\" data-id=\"aa12873\" data-element_type=\"widget\" data-widget_type=\"image.default\">\n\t\t\t\t<div class=\"elementor-widget-container\">\n\t\t\t\t\t\t\t\t\t\t\t\t\t\t\t\t<a href=\"https:\/\/www.hotelesport.com\/fr\/gstc\/\" target=\"_blank\">\n\t\t\t\t\t\t\t<img decoding=\"async\" src=\"https:\/\/hotelesport.com\/directorio\/wp-content\/uploads\/elementor\/thumbs\/gstc-r4bc33kd6yynzsv2nsxf3t0f3c3izbhuyt50es40c8.png\" title=\"gstc\" alt=\"gstc\" loading=\"lazy\" \/>\t\t\t\t\t\t\t\t<\/a>\n\t\t\t\t\t\t\t\t\t\t\t\t\t\t\t<\/div>\n\t\t\t\t<\/div>\n\t\t\t\t<div class=\"elementor-element elementor-element-0b07566 elementor-widget elementor-widget-text-editor\" data-id=\"0b07566\" data-element_type=\"widget\" data-widget_type=\"text-editor.default\">\n\t\t\t\t<div class=\"elementor-widget-container\">\n\t\t\t\t\t\t\t\t\t<p><b>COMPENSATION DE L&rsquo;EMPREINTE CARBONE<br \/><\/b>Cher client,<br \/>Comme vous le savez, nous aidons l&rsquo;environnement autant que possible. Si vous souhaitez collaborer et compenser votre empreinte carbone, vous pouvez contacter l&rsquo;h\u00f4tel, car nous menons diverses initiatives :<\/p><ul><li>L&rsquo;h\u00f4tel collabore avec l&rsquo;entreprise <a href=\"https:\/\/co2gestion.com\/\" target=\"_blank\" rel=\"noopener\">CO2Gesti\u00f3n<\/a> by GESTFORMA, qui est responsable de la plantation d&rsquo;arbres de mani\u00e8re responsable dans les zones qui en ont le plus besoin, contribuant ainsi \u00e0 la compensation du CO2 et de l&#8217;empreinte carbone pr\u00e9sente dans l&rsquo;atmosph\u00e8re.<\/li><li>\u00c0 la r\u00e9ception, vous trouverez une bo\u00eete de dons qui collecte les contributions volontaires des clients pour compenser leur propre empreinte carbone, r\u00e9sultant de leur s\u00e9jour dans notre h\u00f4tel.<\/li><\/ul><p>Merci beaucoup pour votre collaboration !<\/p>\t\t\t\t\t\t\t\t<\/div>\n\t\t\t\t<\/div>\n\t\t\t\t<div class=\"elementor-element elementor-element-22c4284 elementor-widget elementor-widget-image\" data-id=\"22c4284\" data-element_type=\"widget\" data-widget_type=\"image.default\">\n\t\t\t\t<div class=\"elementor-widget-container\">\n\t\t\t\t\t\t\t\t\t\t\t\t\t\t\t<img fetchpriority=\"high\" decoding=\"async\" width=\"600\" height=\"778\" src=\"https:\/\/hotelesport.com\/directorio\/wp-content\/uploads\/2025\/04\/ayuda-proteccion-medioambiente.jpg\" class=\"attachment-large size-large wp-image-2651\" alt=\"\" srcset=\"https:\/\/hotelesport.com\/directorio\/wp-content\/uploads\/2025\/04\/ayuda-proteccion-medioambiente.jpg 600w, https:\/\/hotelesport.com\/directorio\/wp-content\/uploads\/2025\/04\/ayuda-proteccion-medioambiente-231x300.jpg 231w\" sizes=\"(max-width: 600px) 100vw, 600px\" \/>\t\t\t\t\t\t\t\t\t\t\t\t\t\t\t<\/div>\n\t\t\t\t<\/div>\n\t\t\t\t<div class=\"elementor-element elementor-element-e49acf7 elementor-widget elementor-widget-text-editor\" data-id=\"e49acf7\" data-element_type=\"widget\" data-widget_type=\"text-editor.default\">\n\t\t\t\t<div class=\"elementor-widget-container\">\n\t\t\t\t\t\t\t\t\t<p><b>PLAN MOVESIII<br \/><\/b>Gr\u00e2ce aux subventions du PLAN MOVESIII accord\u00e9es par des fonds europ\u00e9ens (Next Generation EU) et nationaux, dans le cadre de la transition \u00e9cologique de l&rsquo;Espagne, nous avons acquis deux v\u00e9hicules \u00e9lectriques pour notre entreprise, contribuant ainsi \u00e0 l&rsquo;am\u00e9lioration de la durabilit\u00e9 de la plan\u00e8te.<br \/>Le programme est promu par le gouvernement central et g\u00e9r\u00e9 par les communaut\u00e9s autonomes.<br \/><br \/><\/p>\t\t\t\t\t\t\t\t<\/div>\n\t\t\t\t<\/div>\n\t\t\t\t\t<\/div>\n\t\t<\/div>\n\t\t\t\t\t<\/div>\n\t\t<\/section>\n\t\t\t\t<section class=\"elementor-section elementor-top-section elementor-element elementor-element-00ebd8c elementor-section-boxed elementor-section-height-default elementor-section-height-default\" data-id=\"00ebd8c\" data-element_type=\"section\">\n\t\t\t\t\t\t<div class=\"elementor-container elementor-column-gap-default\">\n\t\t\t\t\t<div class=\"elementor-column elementor-col-100 elementor-top-column elementor-element elementor-element-8e56767\" data-id=\"8e56767\" data-element_type=\"column\">\n\t\t\t<div class=\"elementor-widget-wrap elementor-element-populated\">\n\t\t\t\t\t\t<div class=\"elementor-element elementor-element-ed25c41 elementor-widget elementor-widget-spacer\" data-id=\"ed25c41\" data-element_type=\"widget\" data-widget_type=\"spacer.default\">\n\t\t\t\t<div class=\"elementor-widget-container\">\n\t\t\t\t\t\t\t<div class=\"elementor-spacer\">\n\t\t\t<div class=\"elementor-spacer-inner\"><\/div>\n\t\t<\/div>\n\t\t\t\t\t\t<\/div>\n\t\t\t\t<\/div>\n\t\t\t\t\t<\/div>\n\t\t<\/div>\n\t\t\t\t\t<\/div>\n\t\t<\/section>\n\t\t\t\t<\/div>\n\t\t","protected":false},"excerpt":{"rendered":"<p>mesures de durabilit\u00e9 mises en \u0153uvre par l&rsquo;H\u00f4tel L\u2019H\u00f4tel Es Port a mis en \u0153uvre diff\u00e9rentes mesures pour devenir un h\u00f4tel durable et respectueux de l&rsquo;environnement et a re\u00e7u le label international GSTC. Aidez-nous \u00e0 faire de m\u00eame en suivant ces directives : Nous rappelons \u00e0 nos clients d&rsquo;utiliser l&rsquo;eau et l&rsquo;\u00e9nergie de mani\u00e8re responsable. [&hellip;]<\/p>\n","protected":false},"author":1,"featured_media":0,"parent":0,"menu_order":0,"comment_status":"closed","ping_status":"closed","template":"page-limpia.php","meta":{"inline_featured_image":false,"footnotes":""},"class_list":["post-1654","page","type-page","status-publish","hentry"],"yoast_head":"<!-- This site is optimized with the Yoast SEO plugin v25.4 - https:\/\/yoast.com\/wordpress\/plugins\/seo\/ -->\n<title>Medioambiente - Hotel Es Port<\/title>\n<meta name=\"robots\" content=\"noindex, follow, max-snippet:-1, max-image-preview:large, max-video-preview:-1\" \/>\n<meta property=\"og:locale\" content=\"fr_FR\" \/>\n<meta property=\"og:type\" content=\"article\" \/>\n<meta property=\"og:title\" content=\"Medioambiente - Hotel Es Port\" \/>\n<meta property=\"og:description\" content=\"mesures de durabilit\u00e9 mises en \u0153uvre par l&rsquo;H\u00f4tel L\u2019H\u00f4tel Es Port a mis en \u0153uvre diff\u00e9rentes mesures pour devenir un h\u00f4tel durable et respectueux de l&rsquo;environnement et a re\u00e7u le label international GSTC. Aidez-nous \u00e0 faire de m\u00eame en suivant ces directives : Nous rappelons \u00e0 nos clients d&rsquo;utiliser l&rsquo;eau et l&rsquo;\u00e9nergie de mani\u00e8re responsable. [&hellip;]\" \/>\n<meta property=\"og:url\" content=\"https:\/\/hotelesport.com\/directorio\/fr\/medioambiente\/\" \/>\n<meta property=\"og:site_name\" content=\"Hotel Es Port\" \/>\n<meta property=\"article:modified_time\" content=\"2026-02-26T13:40:05+00:00\" \/>\n<meta property=\"og:image\" content=\"https:\/\/hotelesport.com\/directorio\/wp-content\/uploads\/2022\/05\/medio.jpg\" \/>\n<meta name=\"twitter:card\" content=\"summary_large_image\" \/>\n<meta name=\"twitter:label1\" content=\"Dur\u00e9e de lecture estim\u00e9e\" \/>\n\t<meta name=\"twitter:data1\" content=\"4 minutes\" \/>\n<script type=\"application\/ld+json\" class=\"yoast-schema-graph\">{\"@context\":\"https:\/\/schema.org\",\"@graph\":[{\"@type\":\"WebPage\",\"@id\":\"https:\/\/hotelesport.com\/directorio\/fr\/medioambiente\/\",\"url\":\"https:\/\/hotelesport.com\/directorio\/fr\/medioambiente\/\",\"name\":\"Medioambiente - Hotel Es Port\",\"isPartOf\":{\"@id\":\"https:\/\/hotelesport.com\/directorio\/#website\"},\"primaryImageOfPage\":{\"@id\":\"https:\/\/hotelesport.com\/directorio\/fr\/medioambiente\/#primaryimage\"},\"image\":{\"@id\":\"https:\/\/hotelesport.com\/directorio\/fr\/medioambiente\/#primaryimage\"},\"thumbnailUrl\":\"https:\/\/hotelesport.com\/directorio\/wp-content\/uploads\/2022\/05\/medio.jpg\",\"datePublished\":\"2022-03-19T15:26:04+00:00\",\"dateModified\":\"2026-02-26T13:40:05+00:00\",\"breadcrumb\":{\"@id\":\"https:\/\/hotelesport.com\/directorio\/fr\/medioambiente\/#breadcrumb\"},\"inLanguage\":\"fr-FR\",\"potentialAction\":[{\"@type\":\"ReadAction\",\"target\":[\"https:\/\/hotelesport.com\/directorio\/fr\/medioambiente\/\"]}]},{\"@type\":\"ImageObject\",\"inLanguage\":\"fr-FR\",\"@id\":\"https:\/\/hotelesport.com\/directorio\/fr\/medioambiente\/#primaryimage\",\"url\":\"https:\/\/hotelesport.com\/directorio\/wp-content\/uploads\/2022\/05\/medio.jpg\",\"contentUrl\":\"https:\/\/hotelesport.com\/directorio\/wp-content\/uploads\/2022\/05\/medio.jpg\"},{\"@type\":\"BreadcrumbList\",\"@id\":\"https:\/\/hotelesport.com\/directorio\/fr\/medioambiente\/#breadcrumb\",\"itemListElement\":[{\"@type\":\"ListItem\",\"position\":1,\"name\":\"Portada\",\"item\":\"https:\/\/hotelesport.com\/directorio\/\"},{\"@type\":\"ListItem\",\"position\":2,\"name\":\"Medioambiente\"}]},{\"@type\":\"WebSite\",\"@id\":\"https:\/\/hotelesport.com\/directorio\/#website\",\"url\":\"https:\/\/hotelesport.com\/directorio\/\",\"name\":\"Hotel Es Port\",\"description\":\"Directorio\",\"potentialAction\":[{\"@type\":\"SearchAction\",\"target\":{\"@type\":\"EntryPoint\",\"urlTemplate\":\"https:\/\/hotelesport.com\/directorio\/?s={search_term_string}\"},\"query-input\":{\"@type\":\"PropertyValueSpecification\",\"valueRequired\":true,\"valueName\":\"search_term_string\"}}],\"inLanguage\":\"fr-FR\"}]}<\/script>\n<!-- \/ Yoast SEO plugin. -->","yoast_head_json":{"title":"Medioambiente - Hotel Es Port","robots":{"index":"noindex","follow":"follow","max-snippet":"max-snippet:-1","max-image-preview":"max-image-preview:large","max-video-preview":"max-video-preview:-1"},"og_locale":"fr_FR","og_type":"article","og_title":"Medioambiente - Hotel Es Port","og_description":"mesures de durabilit\u00e9 mises en \u0153uvre par l&rsquo;H\u00f4tel L\u2019H\u00f4tel Es Port a mis en \u0153uvre diff\u00e9rentes mesures pour devenir un h\u00f4tel durable et respectueux de l&rsquo;environnement et a re\u00e7u le label international GSTC. Aidez-nous \u00e0 faire de m\u00eame en suivant ces directives : Nous rappelons \u00e0 nos clients d&rsquo;utiliser l&rsquo;eau et l&rsquo;\u00e9nergie de mani\u00e8re responsable. [&hellip;]","og_url":"https:\/\/hotelesport.com\/directorio\/fr\/medioambiente\/","og_site_name":"Hotel Es Port","article_modified_time":"2026-02-26T13:40:05+00:00","og_image":[{"url":"https:\/\/hotelesport.com\/directorio\/wp-content\/uploads\/2022\/05\/medio.jpg","type":"","width":"","height":""}],"twitter_card":"summary_large_image","twitter_misc":{"Dur\u00e9e de lecture estim\u00e9e":"4 minutes"},"schema":{"@context":"https:\/\/schema.org","@graph":[{"@type":"WebPage","@id":"https:\/\/hotelesport.com\/directorio\/fr\/medioambiente\/","url":"https:\/\/hotelesport.com\/directorio\/fr\/medioambiente\/","name":"Medioambiente - Hotel Es Port","isPartOf":{"@id":"https:\/\/hotelesport.com\/directorio\/#website"},"primaryImageOfPage":{"@id":"https:\/\/hotelesport.com\/directorio\/fr\/medioambiente\/#primaryimage"},"image":{"@id":"https:\/\/hotelesport.com\/directorio\/fr\/medioambiente\/#primaryimage"},"thumbnailUrl":"https:\/\/hotelesport.com\/directorio\/wp-content\/uploads\/2022\/05\/medio.jpg","datePublished":"2022-03-19T15:26:04+00:00","dateModified":"2026-02-26T13:40:05+00:00","breadcrumb":{"@id":"https:\/\/hotelesport.com\/directorio\/fr\/medioambiente\/#breadcrumb"},"inLanguage":"fr-FR","potentialAction":[{"@type":"ReadAction","target":["https:\/\/hotelesport.com\/directorio\/fr\/medioambiente\/"]}]},{"@type":"ImageObject","inLanguage":"fr-FR","@id":"https:\/\/hotelesport.com\/directorio\/fr\/medioambiente\/#primaryimage","url":"https:\/\/hotelesport.com\/directorio\/wp-content\/uploads\/2022\/05\/medio.jpg","contentUrl":"https:\/\/hotelesport.com\/directorio\/wp-content\/uploads\/2022\/05\/medio.jpg"},{"@type":"BreadcrumbList","@id":"https:\/\/hotelesport.com\/directorio\/fr\/medioambiente\/#breadcrumb","itemListElement":[{"@type":"ListItem","position":1,"name":"Portada","item":"https:\/\/hotelesport.com\/directorio\/"},{"@type":"ListItem","position":2,"name":"Medioambiente"}]},{"@type":"WebSite","@id":"https:\/\/hotelesport.com\/directorio\/#website","url":"https:\/\/hotelesport.com\/directorio\/","name":"Hotel Es Port","description":"Directorio","potentialAction":[{"@type":"SearchAction","target":{"@type":"EntryPoint","urlTemplate":"https:\/\/hotelesport.com\/directorio\/?s={search_term_string}"},"query-input":{"@type":"PropertyValueSpecification","valueRequired":true,"valueName":"search_term_string"}}],"inLanguage":"fr-FR"}]}},"_links":{"self":[{"href":"https:\/\/hotelesport.com\/directorio\/fr\/wp-json\/wp\/v2\/pages\/1654","targetHints":{"allow":["GET"]}}],"collection":[{"href":"https:\/\/hotelesport.com\/directorio\/fr\/wp-json\/wp\/v2\/pages"}],"about":[{"href":"https:\/\/hotelesport.com\/directorio\/fr\/wp-json\/wp\/v2\/types\/page"}],"author":[{"embeddable":true,"href":"https:\/\/hotelesport.com\/directorio\/fr\/wp-json\/wp\/v2\/users\/1"}],"replies":[{"embeddable":true,"href":"https:\/\/hotelesport.com\/directorio\/fr\/wp-json\/wp\/v2\/comments?post=1654"}],"version-history":[{"count":30,"href":"https:\/\/hotelesport.com\/directorio\/fr\/wp-json\/wp\/v2\/pages\/1654\/revisions"}],"predecessor-version":[{"id":2825,"href":"https:\/\/hotelesport.com\/directorio\/fr\/wp-json\/wp\/v2\/pages\/1654\/revisions\/2825"}],"wp:attachment":[{"href":"https:\/\/hotelesport.com\/directorio\/fr\/wp-json\/wp\/v2\/media?parent=1654"}],"curies":[{"name":"wp","href":"https:\/\/api.w.org\/{rel}","templated":true}]}}