{"id":512,"date":"2022-03-19T15:26:04","date_gmt":"2022-03-19T15:26:04","guid":{"rendered":"https:\/\/hotelesport.com\/directorio\/?page_id=512"},"modified":"2023-02-01T23:30:07","modified_gmt":"2023-02-01T23:30:07","slug":"restaurante-sa-possessio","status":"publish","type":"page","link":"https:\/\/hotelesport.com\/directorio\/restaurante-sa-possessio\/","title":{"rendered":"Restaurante Sa Possessi\u00f3"},"content":{"rendered":"\t\t<div data-elementor-type=\"wp-page\" data-elementor-id=\"512\" class=\"elementor elementor-512\">\n\t\t\t\t\t\t<section class=\"elementor-section elementor-top-section elementor-element elementor-element-a86efb6 elementor-section-boxed elementor-section-height-default elementor-section-height-default\" data-id=\"a86efb6\" data-element_type=\"section\" data-settings=\"{&quot;background_background&quot;:&quot;classic&quot;}\">\n\t\t\t\t\t\t<div class=\"elementor-container elementor-column-gap-no\">\n\t\t\t\t\t<div class=\"elementor-column elementor-col-33 elementor-top-column elementor-element elementor-element-cab78e5\" data-id=\"cab78e5\" data-element_type=\"column\">\n\t\t\t<div class=\"elementor-widget-wrap elementor-element-populated\">\n\t\t\t\t\t\t<div class=\"elementor-element elementor-element-d176faf elementor-view-default elementor-widget elementor-widget-icon\" data-id=\"d176faf\" data-element_type=\"widget\" data-widget_type=\"icon.default\">\n\t\t\t\t<div class=\"elementor-widget-container\">\n\t\t\t\t\t\t\t<div class=\"elementor-icon-wrapper\">\n\t\t\t<a class=\"elementor-icon\" href=\"https:\/\/hotelesport.com\/directorio\/inicio\/\">\n\t\t\t<i aria-hidden=\"true\" class=\"fas fa-arrow-left\"><\/i>\t\t\t<\/a>\n\t\t<\/div>\n\t\t\t\t\t\t<\/div>\n\t\t\t\t<\/div>\n\t\t\t\t\t<\/div>\n\t\t<\/div>\n\t\t\t\t<div class=\"elementor-column elementor-col-33 elementor-top-column elementor-element elementor-element-317af62\" data-id=\"317af62\" data-element_type=\"column\">\n\t\t\t<div class=\"elementor-widget-wrap elementor-element-populated\">\n\t\t\t\t\t\t<div class=\"elementor-element elementor-element-81e46ee elementor-widget elementor-widget-spacer\" data-id=\"81e46ee\" data-element_type=\"widget\" data-widget_type=\"spacer.default\">\n\t\t\t\t<div class=\"elementor-widget-container\">\n\t\t\t\t\t\t\t<div class=\"elementor-spacer\">\n\t\t\t<div class=\"elementor-spacer-inner\"><\/div>\n\t\t<\/div>\n\t\t\t\t\t\t<\/div>\n\t\t\t\t<\/div>\n\t\t\t\t<div class=\"elementor-element elementor-element-7463a98 elementor-widget elementor-widget-heading\" data-id=\"7463a98\" data-element_type=\"widget\" data-widget_type=\"heading.default\">\n\t\t\t\t<div class=\"elementor-widget-container\">\n\t\t\t\t\t<h1 class=\"elementor-heading-title elementor-size-default\">RESTAURANTE SA POSSESSI\u00d3<\/h1>\t\t\t\t<\/div>\n\t\t\t\t<\/div>\n\t\t\t\t<div class=\"elementor-element elementor-element-70f20b0 elementor-widget elementor-widget-spacer\" data-id=\"70f20b0\" data-element_type=\"widget\" data-widget_type=\"spacer.default\">\n\t\t\t\t<div class=\"elementor-widget-container\">\n\t\t\t\t\t\t\t<div class=\"elementor-spacer\">\n\t\t\t<div class=\"elementor-spacer-inner\"><\/div>\n\t\t<\/div>\n\t\t\t\t\t\t<\/div>\n\t\t\t\t<\/div>\n\t\t\t\t\t<\/div>\n\t\t<\/div>\n\t\t\t\t<div class=\"elementor-column elementor-col-33 elementor-top-column elementor-element elementor-element-a0400f2\" data-id=\"a0400f2\" data-element_type=\"column\">\n\t\t\t<div class=\"elementor-widget-wrap\">\n\t\t\t\t\t\t\t<\/div>\n\t\t<\/div>\n\t\t\t\t\t<\/div>\n\t\t<\/section>\n\t\t\t\t<section class=\"elementor-section elementor-top-section elementor-element elementor-element-475e9f9 elementor-section-boxed elementor-section-height-default elementor-section-height-default\" data-id=\"475e9f9\" data-element_type=\"section\" data-settings=\"{&quot;background_background&quot;:&quot;classic&quot;}\">\n\t\t\t\t\t\t<div class=\"elementor-container elementor-column-gap-no\">\n\t\t\t\t\t<div class=\"elementor-column elementor-col-100 elementor-top-column elementor-element elementor-element-5d916ab\" data-id=\"5d916ab\" data-element_type=\"column\">\n\t\t\t<div class=\"elementor-widget-wrap elementor-element-populated\">\n\t\t\t\t\t\t<div class=\"elementor-element elementor-element-ea7b59e elementor-arrows-position-inside elementor-widget elementor-widget-image-carousel\" data-id=\"ea7b59e\" data-element_type=\"widget\" data-settings=\"{&quot;slides_to_show&quot;:&quot;1&quot;,&quot;navigation&quot;:&quot;arrows&quot;,&quot;autoplay&quot;:&quot;yes&quot;,&quot;pause_on_hover&quot;:&quot;yes&quot;,&quot;pause_on_interaction&quot;:&quot;yes&quot;,&quot;autoplay_speed&quot;:5000,&quot;infinite&quot;:&quot;yes&quot;,&quot;effect&quot;:&quot;slide&quot;,&quot;speed&quot;:500}\" data-widget_type=\"image-carousel.default\">\n\t\t\t\t<div class=\"elementor-widget-container\">\n\t\t\t\t\t\t\t<div class=\"elementor-image-carousel-wrapper swiper\" role=\"region\" aria-roledescription=\"carousel\" aria-label=\"Carrusel de im\u00e1genes\" dir=\"ltr\">\n\t\t\t<div class=\"elementor-image-carousel swiper-wrapper\" aria-live=\"off\">\n\t\t\t\t\t\t\t\t<div class=\"swiper-slide\" role=\"group\" aria-roledescription=\"slide\" aria-label=\"1 de 4\"><figure class=\"swiper-slide-inner\"><img decoding=\"async\" class=\"swiper-slide-image\" src=\"https:\/\/hotelesport.com\/directorio\/wp-content\/uploads\/2022\/03\/possessio-04.jpg\" alt=\"possessio-04\" \/><\/figure><\/div><div class=\"swiper-slide\" role=\"group\" aria-roledescription=\"slide\" aria-label=\"2 de 4\"><figure class=\"swiper-slide-inner\"><img decoding=\"async\" class=\"swiper-slide-image\" src=\"https:\/\/hotelesport.com\/directorio\/wp-content\/uploads\/2022\/03\/possessio-02.jpg\" alt=\"possessio-02\" \/><\/figure><\/div><div class=\"swiper-slide\" role=\"group\" aria-roledescription=\"slide\" aria-label=\"3 de 4\"><figure class=\"swiper-slide-inner\"><img decoding=\"async\" class=\"swiper-slide-image\" src=\"https:\/\/hotelesport.com\/directorio\/wp-content\/uploads\/2022\/03\/possessio-03.jpg\" alt=\"possessio-03\" \/><\/figure><\/div><div class=\"swiper-slide\" role=\"group\" aria-roledescription=\"slide\" aria-label=\"4 de 4\"><figure class=\"swiper-slide-inner\"><img decoding=\"async\" class=\"swiper-slide-image\" src=\"https:\/\/hotelesport.com\/directorio\/wp-content\/uploads\/2022\/03\/possessio-01.jpg\" alt=\"possessio-01\" \/><\/figure><\/div>\t\t\t<\/div>\n\t\t\t\t\t\t\t\t\t\t\t\t<div class=\"elementor-swiper-button elementor-swiper-button-prev\" role=\"button\" tabindex=\"0\">\n\t\t\t\t\t\t<i aria-hidden=\"true\" class=\"eicon-chevron-left\"><\/i>\t\t\t\t\t<\/div>\n\t\t\t\t\t<div class=\"elementor-swiper-button elementor-swiper-button-next\" role=\"button\" tabindex=\"0\">\n\t\t\t\t\t\t<i aria-hidden=\"true\" class=\"eicon-chevron-right\"><\/i>\t\t\t\t\t<\/div>\n\t\t\t\t\n\t\t\t\t\t\t\t\t\t<\/div>\n\t\t\t\t\t\t<\/div>\n\t\t\t\t<\/div>\n\t\t\t\t\t<\/div>\n\t\t<\/div>\n\t\t\t\t\t<\/div>\n\t\t<\/section>\n\t\t\t\t<section class=\"elementor-section elementor-top-section elementor-element elementor-element-e9510c3 elementor-section-boxed elementor-section-height-default elementor-section-height-default\" data-id=\"e9510c3\" data-element_type=\"section\" data-settings=\"{&quot;background_background&quot;:&quot;classic&quot;}\">\n\t\t\t\t\t\t<div class=\"elementor-container elementor-column-gap-no\">\n\t\t\t\t\t<div class=\"elementor-column elementor-col-100 elementor-top-column elementor-element elementor-element-175848a\" data-id=\"175848a\" data-element_type=\"column\">\n\t\t\t<div class=\"elementor-widget-wrap elementor-element-populated\">\n\t\t\t\t\t\t<div class=\"elementor-element elementor-element-160dc64 elementor-widget elementor-widget-text-editor\" data-id=\"160dc64\" data-element_type=\"widget\" data-widget_type=\"text-editor.default\">\n\t\t\t\t<div class=\"elementor-widget-container\">\n\t\t\t\t\t\t\t\t\t<p><strong>Incluido en media pensi\u00f3n.<\/strong><\/p><p>Nuestro <strong>Restaurante Sa Possessi\u00f3<\/strong>, est\u00e1 ubicado en el interior de las instalaciones del hotel, cerca de la antigua prensa de aceite.<\/p><p>Se propone una f\u00f3rmula gastron\u00f3mica con men\u00fa que consiste en un <strong>buffet con gran variedad de entrantes, un plato principal escogido a la carta elaborado al momento, seguido de una gran selecci\u00f3n de postres deliciosos<\/strong>.<\/p><p>Nuestro <strong>Chef Xisco Arbona<\/strong>, propone una carta internacional con acento local. Productos de m\u00e1xima calidad y en la medida de lo posible provenientes de nuestro huerto ecol\u00f3gico.<\/p><p>El restaurante est\u00e1 <strong>abierto cada noche para los clientes alojados con media pensi\u00f3n y tambi\u00e9n para todos los que deseen disfrutar de una exquisita cena<\/strong>.<\/p><p>En este Restaurante tambi\u00e9n se sirve el <strong>desayuno Buffet a nuestros hu\u00e9spedes<\/strong>.<\/p><p>Si tiene usted alguna alergia o intolerancia o si requiere dieta especial, h\u00e1galo saber al camarero, <strong>disponemos de alimentos y platos especiales bajo petici\u00f3n<\/strong>.<\/p>\t\t\t\t\t\t\t\t<\/div>\n\t\t\t\t<\/div>\n\t\t\t\t<div class=\"elementor-element elementor-element-17504e8 elementor-widget elementor-widget-spacer\" data-id=\"17504e8\" data-element_type=\"widget\" data-widget_type=\"spacer.default\">\n\t\t\t\t<div class=\"elementor-widget-container\">\n\t\t\t\t\t\t\t<div class=\"elementor-spacer\">\n\t\t\t<div class=\"elementor-spacer-inner\"><\/div>\n\t\t<\/div>\n\t\t\t\t\t\t<\/div>\n\t\t\t\t<\/div>\n\t\t\t\t\t<\/div>\n\t\t<\/div>\n\t\t\t\t\t<\/div>\n\t\t<\/section>\n\t\t\t\t<section class=\"elementor-section elementor-top-section elementor-element elementor-element-47738c7 elementor-section-boxed elementor-section-height-default elementor-section-height-default\" data-id=\"47738c7\" data-element_type=\"section\" data-settings=\"{&quot;background_background&quot;:&quot;classic&quot;}\">\n\t\t\t\t\t\t<div class=\"elementor-container elementor-column-gap-no\">\n\t\t\t\t\t<div class=\"elementor-column elementor-col-100 elementor-top-column elementor-element elementor-element-de91b65\" data-id=\"de91b65\" data-element_type=\"column\">\n\t\t\t<div class=\"elementor-widget-wrap elementor-element-populated\">\n\t\t\t\t\t\t<div class=\"elementor-element elementor-element-efbc18e elementor-widget elementor-widget-spacer\" data-id=\"efbc18e\" data-element_type=\"widget\" data-widget_type=\"spacer.default\">\n\t\t\t\t<div class=\"elementor-widget-container\">\n\t\t\t\t\t\t\t<div class=\"elementor-spacer\">\n\t\t\t<div class=\"elementor-spacer-inner\"><\/div>\n\t\t<\/div>\n\t\t\t\t\t\t<\/div>\n\t\t\t\t<\/div>\n\t\t\t\t<div class=\"elementor-element elementor-element-aab90d3 elementor-widget elementor-widget-heading\" data-id=\"aab90d3\" data-element_type=\"widget\" data-widget_type=\"heading.default\">\n\t\t\t\t<div class=\"elementor-widget-container\">\n\t\t\t\t\t<h2 class=\"elementor-heading-title elementor-size-default\">HORARIO<\/h2>\t\t\t\t<\/div>\n\t\t\t\t<\/div>\n\t\t\t\t<div class=\"elementor-element elementor-element-cf429f1 elementor-widget-divider--view-line elementor-widget elementor-widget-divider\" data-id=\"cf429f1\" data-element_type=\"widget\" data-widget_type=\"divider.default\">\n\t\t\t\t<div class=\"elementor-widget-container\">\n\t\t\t\t\t\t\t<div class=\"elementor-divider\">\n\t\t\t<span class=\"elementor-divider-separator\">\n\t\t\t\t\t\t<\/span>\n\t\t<\/div>\n\t\t\t\t\t\t<\/div>\n\t\t\t\t<\/div>\n\t\t\t\t<div class=\"elementor-element elementor-element-01ea275 elementor-widget elementor-widget-text-editor\" data-id=\"01ea275\" data-element_type=\"widget\" data-widget_type=\"text-editor.default\">\n\t\t\t\t<div class=\"elementor-widget-container\">\n\t\t\t\t\t\t\t\t\t<div class=\"menu-item-name-full\">\u00b7 Desayuno de 07.30 a 10.15h<br \/>\u00b7 Cena de 18.30h a 21.15h<\/div><div>\u00a0<\/div><div><strong>Horario de verano<\/strong><\/div><div><p>\u00b7 Desayuno de 08.00 a 10.30h<br \/>\u00b7 Cena de 19.00h a 21.30h<\/p><\/div><div><p><strong>Reservar turno en recepci\u00f3n.<\/strong><\/p><p><strong>Atuendo:<\/strong> \u00a0Ropa adecuada.<\/p><\/div>\t\t\t\t\t\t\t\t<\/div>\n\t\t\t\t<\/div>\n\t\t\t\t<div class=\"elementor-element elementor-element-f1305b2 elementor-widget elementor-widget-spacer\" data-id=\"f1305b2\" data-element_type=\"widget\" data-widget_type=\"spacer.default\">\n\t\t\t\t<div class=\"elementor-widget-container\">\n\t\t\t\t\t\t\t<div class=\"elementor-spacer\">\n\t\t\t<div class=\"elementor-spacer-inner\"><\/div>\n\t\t<\/div>\n\t\t\t\t\t\t<\/div>\n\t\t\t\t<\/div>\n\t\t\t\t\t<\/div>\n\t\t<\/div>\n\t\t\t\t\t<\/div>\n\t\t<\/section>\n\t\t\t\t<section class=\"elementor-section elementor-top-section elementor-element elementor-element-02db36e elementor-section-boxed elementor-section-height-default elementor-section-height-default\" data-id=\"02db36e\" data-element_type=\"section\" data-settings=\"{&quot;background_background&quot;:&quot;classic&quot;}\">\n\t\t\t\t\t\t<div class=\"elementor-container elementor-column-gap-no\">\n\t\t\t\t\t<div class=\"elementor-column elementor-col-100 elementor-top-column elementor-element elementor-element-4a3debf\" data-id=\"4a3debf\" data-element_type=\"column\">\n\t\t\t<div class=\"elementor-widget-wrap elementor-element-populated\">\n\t\t\t\t\t\t<div class=\"elementor-element elementor-element-b2789ff elementor-align-center elementor-widget__width-auto elementor-widget elementor-widget-button\" data-id=\"b2789ff\" data-element_type=\"widget\" data-widget_type=\"button.default\">\n\t\t\t\t<div class=\"elementor-widget-container\">\n\t\t\t\t\t\t\t\t\t<div class=\"elementor-button-wrapper\">\n\t\t\t\t\t<a class=\"elementor-button elementor-button-link elementor-size-sm\" href=\"https:\/\/hotelesport.com\/qr\/comedor-vinos\/\" target=\"_blank\">\n\t\t\t\t\t\t<span class=\"elementor-button-content-wrapper\">\n\t\t\t\t\t\t<span class=\"elementor-button-icon\">\n\t\t\t\t<i aria-hidden=\"true\" class=\"far fa-list-alt\"><\/i>\t\t\t<\/span>\n\t\t\t\t\t\t\t\t\t<span class=\"elementor-button-text\">VER CARTA<\/span>\n\t\t\t\t\t<\/span>\n\t\t\t\t\t<\/a>\n\t\t\t\t<\/div>\n\t\t\t\t\t\t\t\t<\/div>\n\t\t\t\t<\/div>\n\t\t\t\t<div class=\"elementor-element elementor-element-7eaa810 elementor-align-center elementor-widget__width-auto elementor-widget elementor-widget-button\" data-id=\"7eaa810\" data-element_type=\"widget\" data-widget_type=\"button.default\">\n\t\t\t\t<div class=\"elementor-widget-container\">\n\t\t\t\t\t\t\t\t\t<div class=\"elementor-button-wrapper\">\n\t\t\t\t\t<a class=\"elementor-button elementor-button-link elementor-size-sm\" href=\"tel:+34%20971%20631%20650\" target=\"_blank\">\n\t\t\t\t\t\t<span class=\"elementor-button-content-wrapper\">\n\t\t\t\t\t\t<span class=\"elementor-button-icon\">\n\t\t\t\t<i aria-hidden=\"true\" class=\"fas fa-phone-alt\"><\/i>\t\t\t<\/span>\n\t\t\t\t\t\t\t\t\t<span class=\"elementor-button-text\">RECEPCI\u00d3N<\/span>\n\t\t\t\t\t<\/span>\n\t\t\t\t\t<\/a>\n\t\t\t\t<\/div>\n\t\t\t\t\t\t\t\t<\/div>\n\t\t\t\t<\/div>\n\t\t\t\t\t<\/div>\n\t\t<\/div>\n\t\t\t\t\t<\/div>\n\t\t<\/section>\n\t\t\t\t<section class=\"elementor-section elementor-top-section elementor-element elementor-element-00ebd8c elementor-section-boxed elementor-section-height-default elementor-section-height-default\" data-id=\"00ebd8c\" data-element_type=\"section\">\n\t\t\t\t\t\t<div class=\"elementor-container elementor-column-gap-default\">\n\t\t\t\t\t<div class=\"elementor-column elementor-col-100 elementor-top-column elementor-element elementor-element-8e56767\" data-id=\"8e56767\" data-element_type=\"column\">\n\t\t\t<div class=\"elementor-widget-wrap elementor-element-populated\">\n\t\t\t\t\t\t<div class=\"elementor-element elementor-element-ed25c41 elementor-widget elementor-widget-spacer\" data-id=\"ed25c41\" data-element_type=\"widget\" data-widget_type=\"spacer.default\">\n\t\t\t\t<div class=\"elementor-widget-container\">\n\t\t\t\t\t\t\t<div class=\"elementor-spacer\">\n\t\t\t<div class=\"elementor-spacer-inner\"><\/div>\n\t\t<\/div>\n\t\t\t\t\t\t<\/div>\n\t\t\t\t<\/div>\n\t\t\t\t\t<\/div>\n\t\t<\/div>\n\t\t\t\t\t<\/div>\n\t\t<\/section>\n\t\t\t\t<\/div>\n\t\t","protected":false},"excerpt":{"rendered":"<p>RESTAURANTE SA POSSESSI\u00d3 Anterior Siguiente Incluido en media pensi\u00f3n. Nuestro Restaurante Sa Possessi\u00f3, est\u00e1 ubicado en el interior de las instalaciones del hotel, cerca de la antigua prensa de aceite. Se propone una f\u00f3rmula gastron\u00f3mica con men\u00fa que consiste en un buffet con gran variedad de entrantes, un plato principal escogido a la carta elaborado [&hellip;]<\/p>\n","protected":false},"author":1,"featured_media":0,"parent":0,"menu_order":0,"comment_status":"closed","ping_status":"closed","template":"page-limpia.php","meta":{"inline_featured_image":false,"footnotes":""},"class_list":["post-512","page","type-page","status-publish","hentry"],"yoast_head":"<!-- This site is optimized with the Yoast SEO plugin v25.4 - https:\/\/yoast.com\/wordpress\/plugins\/seo\/ -->\n<title>Restaurante Sa Possessi\u00f3 - Hotel Es Port<\/title>\n<meta name=\"robots\" content=\"noindex, follow, max-snippet:-1, max-image-preview:large, max-video-preview:-1\" \/>\n<meta property=\"og:locale\" content=\"es_ES\" \/>\n<meta property=\"og:type\" content=\"article\" \/>\n<meta property=\"og:title\" content=\"Restaurante Sa Possessi\u00f3 - Hotel Es Port\" \/>\n<meta property=\"og:description\" content=\"RESTAURANTE SA POSSESSI\u00d3 Anterior Siguiente Incluido en media pensi\u00f3n. Nuestro Restaurante Sa Possessi\u00f3, est\u00e1 ubicado en el interior de las instalaciones del hotel, cerca de la antigua prensa de aceite. Se propone una f\u00f3rmula gastron\u00f3mica con men\u00fa que consiste en un buffet con gran variedad de entrantes, un plato principal escogido a la carta elaborado [&hellip;]\" \/>\n<meta property=\"og:url\" content=\"https:\/\/hotelesport.com\/directorio\/restaurante-sa-possessio\/\" \/>\n<meta property=\"og:site_name\" content=\"Hotel Es Port\" \/>\n<meta property=\"article:modified_time\" content=\"2023-02-01T23:30:07+00:00\" \/>\n<meta property=\"og:image\" content=\"https:\/\/hotelesport.com\/directorio\/wp-content\/uploads\/2022\/03\/possessio-04.jpg\" \/>\n<meta name=\"twitter:card\" content=\"summary_large_image\" \/>\n<meta name=\"twitter:label1\" content=\"Tiempo de lectura\" \/>\n\t<meta name=\"twitter:data1\" content=\"1 minuto\" \/>\n<script type=\"application\/ld+json\" class=\"yoast-schema-graph\">{\"@context\":\"https:\/\/schema.org\",\"@graph\":[{\"@type\":\"WebPage\",\"@id\":\"https:\/\/hotelesport.com\/directorio\/restaurante-sa-possessio\/\",\"url\":\"https:\/\/hotelesport.com\/directorio\/restaurante-sa-possessio\/\",\"name\":\"Restaurante Sa Possessi\u00f3 - Hotel Es Port\",\"isPartOf\":{\"@id\":\"https:\/\/hotelesport.com\/directorio\/#website\"},\"primaryImageOfPage\":{\"@id\":\"https:\/\/hotelesport.com\/directorio\/restaurante-sa-possessio\/#primaryimage\"},\"image\":{\"@id\":\"https:\/\/hotelesport.com\/directorio\/restaurante-sa-possessio\/#primaryimage\"},\"thumbnailUrl\":\"https:\/\/hotelesport.com\/directorio\/wp-content\/uploads\/2022\/03\/possessio-04.jpg\",\"datePublished\":\"2022-03-19T15:26:04+00:00\",\"dateModified\":\"2023-02-01T23:30:07+00:00\",\"breadcrumb\":{\"@id\":\"https:\/\/hotelesport.com\/directorio\/restaurante-sa-possessio\/#breadcrumb\"},\"inLanguage\":\"es\",\"potentialAction\":[{\"@type\":\"ReadAction\",\"target\":[\"https:\/\/hotelesport.com\/directorio\/restaurante-sa-possessio\/\"]}]},{\"@type\":\"ImageObject\",\"inLanguage\":\"es\",\"@id\":\"https:\/\/hotelesport.com\/directorio\/restaurante-sa-possessio\/#primaryimage\",\"url\":\"https:\/\/hotelesport.com\/directorio\/wp-content\/uploads\/2022\/03\/possessio-04.jpg\",\"contentUrl\":\"https:\/\/hotelesport.com\/directorio\/wp-content\/uploads\/2022\/03\/possessio-04.jpg\",\"width\":1150,\"height\":766},{\"@type\":\"BreadcrumbList\",\"@id\":\"https:\/\/hotelesport.com\/directorio\/restaurante-sa-possessio\/#breadcrumb\",\"itemListElement\":[{\"@type\":\"ListItem\",\"position\":1,\"name\":\"Portada\",\"item\":\"https:\/\/hotelesport.com\/directorio\/\"},{\"@type\":\"ListItem\",\"position\":2,\"name\":\"Restaurante Sa Possessi\u00f3\"}]},{\"@type\":\"WebSite\",\"@id\":\"https:\/\/hotelesport.com\/directorio\/#website\",\"url\":\"https:\/\/hotelesport.com\/directorio\/\",\"name\":\"Hotel Es Port\",\"description\":\"Directorio\",\"potentialAction\":[{\"@type\":\"SearchAction\",\"target\":{\"@type\":\"EntryPoint\",\"urlTemplate\":\"https:\/\/hotelesport.com\/directorio\/?s={search_term_string}\"},\"query-input\":{\"@type\":\"PropertyValueSpecification\",\"valueRequired\":true,\"valueName\":\"search_term_string\"}}],\"inLanguage\":\"es\"}]}<\/script>\n<!-- \/ Yoast SEO plugin. -->","yoast_head_json":{"title":"Restaurante Sa Possessi\u00f3 - Hotel Es Port","robots":{"index":"noindex","follow":"follow","max-snippet":"max-snippet:-1","max-image-preview":"max-image-preview:large","max-video-preview":"max-video-preview:-1"},"og_locale":"es_ES","og_type":"article","og_title":"Restaurante Sa Possessi\u00f3 - Hotel Es Port","og_description":"RESTAURANTE SA POSSESSI\u00d3 Anterior Siguiente Incluido en media pensi\u00f3n. Nuestro Restaurante Sa Possessi\u00f3, est\u00e1 ubicado en el interior de las instalaciones del hotel, cerca de la antigua prensa de aceite. Se propone una f\u00f3rmula gastron\u00f3mica con men\u00fa que consiste en un buffet con gran variedad de entrantes, un plato principal escogido a la carta elaborado [&hellip;]","og_url":"https:\/\/hotelesport.com\/directorio\/restaurante-sa-possessio\/","og_site_name":"Hotel Es Port","article_modified_time":"2023-02-01T23:30:07+00:00","og_image":[{"url":"https:\/\/hotelesport.com\/directorio\/wp-content\/uploads\/2022\/03\/possessio-04.jpg","type":"","width":"","height":""}],"twitter_card":"summary_large_image","twitter_misc":{"Tiempo de lectura":"1 minuto"},"schema":{"@context":"https:\/\/schema.org","@graph":[{"@type":"WebPage","@id":"https:\/\/hotelesport.com\/directorio\/restaurante-sa-possessio\/","url":"https:\/\/hotelesport.com\/directorio\/restaurante-sa-possessio\/","name":"Restaurante Sa Possessi\u00f3 - Hotel Es Port","isPartOf":{"@id":"https:\/\/hotelesport.com\/directorio\/#website"},"primaryImageOfPage":{"@id":"https:\/\/hotelesport.com\/directorio\/restaurante-sa-possessio\/#primaryimage"},"image":{"@id":"https:\/\/hotelesport.com\/directorio\/restaurante-sa-possessio\/#primaryimage"},"thumbnailUrl":"https:\/\/hotelesport.com\/directorio\/wp-content\/uploads\/2022\/03\/possessio-04.jpg","datePublished":"2022-03-19T15:26:04+00:00","dateModified":"2023-02-01T23:30:07+00:00","breadcrumb":{"@id":"https:\/\/hotelesport.com\/directorio\/restaurante-sa-possessio\/#breadcrumb"},"inLanguage":"es","potentialAction":[{"@type":"ReadAction","target":["https:\/\/hotelesport.com\/directorio\/restaurante-sa-possessio\/"]}]},{"@type":"ImageObject","inLanguage":"es","@id":"https:\/\/hotelesport.com\/directorio\/restaurante-sa-possessio\/#primaryimage","url":"https:\/\/hotelesport.com\/directorio\/wp-content\/uploads\/2022\/03\/possessio-04.jpg","contentUrl":"https:\/\/hotelesport.com\/directorio\/wp-content\/uploads\/2022\/03\/possessio-04.jpg","width":1150,"height":766},{"@type":"BreadcrumbList","@id":"https:\/\/hotelesport.com\/directorio\/restaurante-sa-possessio\/#breadcrumb","itemListElement":[{"@type":"ListItem","position":1,"name":"Portada","item":"https:\/\/hotelesport.com\/directorio\/"},{"@type":"ListItem","position":2,"name":"Restaurante Sa Possessi\u00f3"}]},{"@type":"WebSite","@id":"https:\/\/hotelesport.com\/directorio\/#website","url":"https:\/\/hotelesport.com\/directorio\/","name":"Hotel Es Port","description":"Directorio","potentialAction":[{"@type":"SearchAction","target":{"@type":"EntryPoint","urlTemplate":"https:\/\/hotelesport.com\/directorio\/?s={search_term_string}"},"query-input":{"@type":"PropertyValueSpecification","valueRequired":true,"valueName":"search_term_string"}}],"inLanguage":"es"}]}},"_links":{"self":[{"href":"https:\/\/hotelesport.com\/directorio\/wp-json\/wp\/v2\/pages\/512","targetHints":{"allow":["GET"]}}],"collection":[{"href":"https:\/\/hotelesport.com\/directorio\/wp-json\/wp\/v2\/pages"}],"about":[{"href":"https:\/\/hotelesport.com\/directorio\/wp-json\/wp\/v2\/types\/page"}],"author":[{"embeddable":true,"href":"https:\/\/hotelesport.com\/directorio\/wp-json\/wp\/v2\/users\/1"}],"replies":[{"embeddable":true,"href":"https:\/\/hotelesport.com\/directorio\/wp-json\/wp\/v2\/comments?post=512"}],"version-history":[{"count":34,"href":"https:\/\/hotelesport.com\/directorio\/wp-json\/wp\/v2\/pages\/512\/revisions"}],"predecessor-version":[{"id":2153,"href":"https:\/\/hotelesport.com\/directorio\/wp-json\/wp\/v2\/pages\/512\/revisions\/2153"}],"wp:attachment":[{"href":"https:\/\/hotelesport.com\/directorio\/wp-json\/wp\/v2\/media?parent=512"}],"curies":[{"name":"wp","href":"https:\/\/api.w.org\/{rel}","templated":true}]}}